{"id":91,"date":"2023-03-17T09:29:03","date_gmt":"2023-03-17T08:29:03","guid":{"rendered":"https:\/\/ateliermh.fr\/?page_id=91"},"modified":"2025-12-13T10:59:29","modified_gmt":"2025-12-13T09:59:29","slug":"approche-de-la-restauration","status":"publish","type":"page","link":"https:\/\/ateliermh.fr\/?page_id=91","title":{"rendered":"Approche de la restauration"},"content":{"rendered":"\n<p><br>L&rsquo;atelier suit les r\u00e8gles fondamentales lors de chaque restauration, \u00e9tablies par la <strong>charte europ\u00e9enne E.C.C.O<\/strong> : <strong>stabilit\u00e9<\/strong>, <strong>lisibilit\u00e9<\/strong>, <strong>r\u00e9versibilit\u00e9<\/strong>. Le restaurateur doit savoir rester \u00e0 sa place et ne pas empi\u00e9ter sur le travail original de l\u2019artiste.<\/p>\n\n\n\n<p>Chaque restauration peut \u00eatre compl\u00e9t\u00e9e \u00e0 la demande d&rsquo;un <strong>rapport d&rsquo;intervention<\/strong>. Il retrace l&rsquo;ensemble des interventions, permet une compr\u00e9hension et une tra\u00e7abilit\u00e9 de l&rsquo;ensemble des traitements effectu\u00e9s et des mat\u00e9riaux utilis\u00e9s.<\/p>\n\n\n\n<p>Les interventions de restaurations sont r\u00e9alis\u00e9es principalement avec des m\u00e9thodes traditionnelles \u00e0 base de r\u00e9sines naturelles ou synth\u00e9tiques. Ces m\u00e9thodes ont su faire leurs preuves \u00e0 travers les si\u00e8cles et sont adapt\u00e9es \u00e0 chaque intervention. Elles sont valid\u00e9es et v\u00e9rifi\u00e9es par le temps, ainsi que par les diff\u00e9rents ateliers de restauration.<\/p>\n\n\n\n<p>L&rsquo;ensemble du mat\u00e9riel utilis\u00e9 est propre \u00e0 l&rsquo;atelier. Il est fourni par des entreprises sp\u00e9cialis\u00e9es dans la restauration de tableaux. <\/p>\n","protected":false},"excerpt":{"rendered":"<p>L&rsquo;atelier suit les r\u00e8gles fondamentales lors de chaque restauration, \u00e9tablies par la charte europ\u00e9enne E.C.C.O : stabilit\u00e9, lisibilit\u00e9, r\u00e9versibilit\u00e9. Le restaurateur doit savoir rester \u00e0 sa place et ne pas empi\u00e9ter sur le travail original de l\u2019artiste. Chaque restauration peut \u00eatre compl\u00e9t\u00e9e \u00e0 la demande d&rsquo;un rapport d&rsquo;intervention. Il retrace l&rsquo;ensemble des interventions, permet une compr\u00e9hension et une tra\u00e7abilit\u00e9 de l&rsquo;ensemble des traitements effectu\u00e9s et des mat\u00e9riaux utilis\u00e9s. Les interventions de restaurations sont r\u00e9alis\u00e9es principalement avec des m\u00e9thodes traditionnelles \u00e0 base de r\u00e9sines naturelles ou synth\u00e9tiques. Ces m\u00e9thodes ont su faire leurs preuves \u00e0 travers les si\u00e8cles et sont adapt\u00e9es \u00e0 chaque intervention. Elles sont valid\u00e9es et v\u00e9rifi\u00e9es par le temps, ainsi que par les diff\u00e9rents ateliers de restauration. L&rsquo;ensemble du mat\u00e9riel utilis\u00e9 est propre \u00e0 l&rsquo;atelier. Il est fourni par des entreprises sp\u00e9cialis\u00e9es dans la restauration de tableaux.<\/p>\n","protected":false},"author":1,"featured_media":0,"parent":0,"menu_order":1,"comment_status":"closed","ping_status":"closed","template":"","meta":{"footnotes":""},"class_list":["post-91","page","type-page","status-publish","hentry"],"yoast_head":"<!-- This site is optimized with the Yoast SEO plugin v26.5 - https:\/\/yoast.com\/wordpress\/plugins\/seo\/ -->\n<title>Approche de la restauration - Atelier MH<\/title>\n<meta name=\"robots\" content=\"index, follow, max-snippet:-1, max-image-preview:large, max-video-preview:-1\" \/>\n<link rel=\"canonical\" href=\"https:\/\/ateliermh.fr\/?page_id=91\" \/>\n<meta property=\"og:locale\" content=\"fr_FR\" \/>\n<meta property=\"og:type\" content=\"article\" \/>\n<meta property=\"og:title\" content=\"Approche de la restauration - Atelier MH\" \/>\n<meta property=\"og:description\" content=\"L&rsquo;atelier suit les r\u00e8gles fondamentales lors de chaque restauration, \u00e9tablies par la charte europ\u00e9enne E.C.C.O : stabilit\u00e9, lisibilit\u00e9, r\u00e9versibilit\u00e9. Le restaurateur doit savoir rester \u00e0 sa place et ne pas empi\u00e9ter sur le travail original de l\u2019artiste. Chaque restauration peut \u00eatre compl\u00e9t\u00e9e \u00e0 la demande d&rsquo;un rapport d&rsquo;intervention. Il retrace l&rsquo;ensemble des interventions, permet une compr\u00e9hension et une tra\u00e7abilit\u00e9 de l&rsquo;ensemble des traitements effectu\u00e9s et des mat\u00e9riaux utilis\u00e9s. Les interventions de restaurations sont r\u00e9alis\u00e9es principalement avec des m\u00e9thodes traditionnelles \u00e0 base de r\u00e9sines naturelles ou synth\u00e9tiques. Ces m\u00e9thodes ont su faire leurs preuves \u00e0 travers les si\u00e8cles et sont adapt\u00e9es \u00e0 chaque intervention. Elles sont valid\u00e9es et v\u00e9rifi\u00e9es par le temps, ainsi que par les diff\u00e9rents ateliers de restauration. L&rsquo;ensemble du mat\u00e9riel utilis\u00e9 est propre \u00e0 l&rsquo;atelier. Il est fourni par des entreprises sp\u00e9cialis\u00e9es dans la restauration de tableaux.\" \/>\n<meta property=\"og:url\" content=\"https:\/\/ateliermh.fr\/?page_id=91\" \/>\n<meta property=\"og:site_name\" content=\"Atelier MH\" \/>\n<meta property=\"article:publisher\" content=\"https:\/\/www.facebook.com\/AtelierMH52\/\" \/>\n<meta property=\"article:modified_time\" content=\"2025-12-13T09:59:29+00:00\" \/>\n<meta name=\"twitter:card\" content=\"summary_large_image\" \/>\n<meta name=\"twitter:label1\" content=\"Dur\u00e9e de lecture estim\u00e9e\" \/>\n\t<meta name=\"twitter:data1\" content=\"1 minute\" \/>\n<script type=\"application\/ld+json\" class=\"yoast-schema-graph\">{\"@context\":\"https:\/\/schema.org\",\"@graph\":[{\"@type\":\"WebPage\",\"@id\":\"https:\/\/ateliermh.fr\/?page_id=91\",\"url\":\"https:\/\/ateliermh.fr\/?page_id=91\",\"name\":\"Approche de la restauration - Atelier MH\",\"isPartOf\":{\"@id\":\"https:\/\/ateliermh.fr\/#website\"},\"datePublished\":\"2023-03-17T08:29:03+00:00\",\"dateModified\":\"2025-12-13T09:59:29+00:00\",\"breadcrumb\":{\"@id\":\"https:\/\/ateliermh.fr\/?page_id=91#breadcrumb\"},\"inLanguage\":\"fr-FR\",\"potentialAction\":[{\"@type\":\"ReadAction\",\"target\":[\"https:\/\/ateliermh.fr\/?page_id=91\"]}]},{\"@type\":\"BreadcrumbList\",\"@id\":\"https:\/\/ateliermh.fr\/?page_id=91#breadcrumb\",\"itemListElement\":[{\"@type\":\"ListItem\",\"position\":1,\"name\":\"Accueil\",\"item\":\"https:\/\/ateliermh.fr\/\"},{\"@type\":\"ListItem\",\"position\":2,\"name\":\"Approche de la restauration\"}]},{\"@type\":\"WebSite\",\"@id\":\"https:\/\/ateliermh.fr\/#website\",\"url\":\"https:\/\/ateliermh.fr\/\",\"name\":\"Atelier MH\",\"description\":\"Conservation Restauration de tableaux\",\"publisher\":{\"@id\":\"https:\/\/ateliermh.fr\/#organization\"},\"potentialAction\":[{\"@type\":\"SearchAction\",\"target\":{\"@type\":\"EntryPoint\",\"urlTemplate\":\"https:\/\/ateliermh.fr\/?s={search_term_string}\"},\"query-input\":{\"@type\":\"PropertyValueSpecification\",\"valueRequired\":true,\"valueName\":\"search_term_string\"}}],\"inLanguage\":\"fr-FR\"},{\"@type\":\"Organization\",\"@id\":\"https:\/\/ateliermh.fr\/#organization\",\"name\":\"Atelier MH\",\"url\":\"https:\/\/ateliermh.fr\/\",\"logo\":{\"@type\":\"ImageObject\",\"inLanguage\":\"fr-FR\",\"@id\":\"https:\/\/ateliermh.fr\/#\/schema\/logo\/image\/\",\"url\":\"https:\/\/ateliermh.fr\/wp-content\/uploads\/2023\/10\/cropped-Logo-secondaire.jpg\",\"contentUrl\":\"https:\/\/ateliermh.fr\/wp-content\/uploads\/2023\/10\/cropped-Logo-secondaire.jpg\",\"width\":407,\"height\":407,\"caption\":\"Atelier MH\"},\"image\":{\"@id\":\"https:\/\/ateliermh.fr\/#\/schema\/logo\/image\/\"},\"sameAs\":[\"https:\/\/www.facebook.com\/AtelierMH52\/\"]}]}<\/script>\n<!-- \/ Yoast SEO plugin. -->","yoast_head_json":{"title":"Approche de la restauration - Atelier MH","robots":{"index":"index","follow":"follow","max-snippet":"max-snippet:-1","max-image-preview":"max-image-preview:large","max-video-preview":"max-video-preview:-1"},"canonical":"https:\/\/ateliermh.fr\/?page_id=91","og_locale":"fr_FR","og_type":"article","og_title":"Approche de la restauration - Atelier MH","og_description":"L&rsquo;atelier suit les r\u00e8gles fondamentales lors de chaque restauration, \u00e9tablies par la charte europ\u00e9enne E.C.C.O : stabilit\u00e9, lisibilit\u00e9, r\u00e9versibilit\u00e9. Le restaurateur doit savoir rester \u00e0 sa place et ne pas empi\u00e9ter sur le travail original de l\u2019artiste. Chaque restauration peut \u00eatre compl\u00e9t\u00e9e \u00e0 la demande d&rsquo;un rapport d&rsquo;intervention. Il retrace l&rsquo;ensemble des interventions, permet une compr\u00e9hension et une tra\u00e7abilit\u00e9 de l&rsquo;ensemble des traitements effectu\u00e9s et des mat\u00e9riaux utilis\u00e9s. Les interventions de restaurations sont r\u00e9alis\u00e9es principalement avec des m\u00e9thodes traditionnelles \u00e0 base de r\u00e9sines naturelles ou synth\u00e9tiques. Ces m\u00e9thodes ont su faire leurs preuves \u00e0 travers les si\u00e8cles et sont adapt\u00e9es \u00e0 chaque intervention. Elles sont valid\u00e9es et v\u00e9rifi\u00e9es par le temps, ainsi que par les diff\u00e9rents ateliers de restauration. L&rsquo;ensemble du mat\u00e9riel utilis\u00e9 est propre \u00e0 l&rsquo;atelier. Il est fourni par des entreprises sp\u00e9cialis\u00e9es dans la restauration de tableaux.","og_url":"https:\/\/ateliermh.fr\/?page_id=91","og_site_name":"Atelier MH","article_publisher":"https:\/\/www.facebook.com\/AtelierMH52\/","article_modified_time":"2025-12-13T09:59:29+00:00","twitter_card":"summary_large_image","twitter_misc":{"Dur\u00e9e de lecture estim\u00e9e":"1 minute"},"schema":{"@context":"https:\/\/schema.org","@graph":[{"@type":"WebPage","@id":"https:\/\/ateliermh.fr\/?page_id=91","url":"https:\/\/ateliermh.fr\/?page_id=91","name":"Approche de la restauration - Atelier MH","isPartOf":{"@id":"https:\/\/ateliermh.fr\/#website"},"datePublished":"2023-03-17T08:29:03+00:00","dateModified":"2025-12-13T09:59:29+00:00","breadcrumb":{"@id":"https:\/\/ateliermh.fr\/?page_id=91#breadcrumb"},"inLanguage":"fr-FR","potentialAction":[{"@type":"ReadAction","target":["https:\/\/ateliermh.fr\/?page_id=91"]}]},{"@type":"BreadcrumbList","@id":"https:\/\/ateliermh.fr\/?page_id=91#breadcrumb","itemListElement":[{"@type":"ListItem","position":1,"name":"Accueil","item":"https:\/\/ateliermh.fr\/"},{"@type":"ListItem","position":2,"name":"Approche de la restauration"}]},{"@type":"WebSite","@id":"https:\/\/ateliermh.fr\/#website","url":"https:\/\/ateliermh.fr\/","name":"Atelier MH","description":"Conservation Restauration de tableaux","publisher":{"@id":"https:\/\/ateliermh.fr\/#organization"},"potentialAction":[{"@type":"SearchAction","target":{"@type":"EntryPoint","urlTemplate":"https:\/\/ateliermh.fr\/?s={search_term_string}"},"query-input":{"@type":"PropertyValueSpecification","valueRequired":true,"valueName":"search_term_string"}}],"inLanguage":"fr-FR"},{"@type":"Organization","@id":"https:\/\/ateliermh.fr\/#organization","name":"Atelier MH","url":"https:\/\/ateliermh.fr\/","logo":{"@type":"ImageObject","inLanguage":"fr-FR","@id":"https:\/\/ateliermh.fr\/#\/schema\/logo\/image\/","url":"https:\/\/ateliermh.fr\/wp-content\/uploads\/2023\/10\/cropped-Logo-secondaire.jpg","contentUrl":"https:\/\/ateliermh.fr\/wp-content\/uploads\/2023\/10\/cropped-Logo-secondaire.jpg","width":407,"height":407,"caption":"Atelier MH"},"image":{"@id":"https:\/\/ateliermh.fr\/#\/schema\/logo\/image\/"},"sameAs":["https:\/\/www.facebook.com\/AtelierMH52\/"]}]}},"_links":{"self":[{"href":"https:\/\/ateliermh.fr\/index.php?rest_route=\/wp\/v2\/pages\/91","targetHints":{"allow":["GET"]}}],"collection":[{"href":"https:\/\/ateliermh.fr\/index.php?rest_route=\/wp\/v2\/pages"}],"about":[{"href":"https:\/\/ateliermh.fr\/index.php?rest_route=\/wp\/v2\/types\/page"}],"author":[{"embeddable":true,"href":"https:\/\/ateliermh.fr\/index.php?rest_route=\/wp\/v2\/users\/1"}],"replies":[{"embeddable":true,"href":"https:\/\/ateliermh.fr\/index.php?rest_route=%2Fwp%2Fv2%2Fcomments&post=91"}],"version-history":[{"count":0,"href":"https:\/\/ateliermh.fr\/index.php?rest_route=\/wp\/v2\/pages\/91\/revisions"}],"wp:attachment":[{"href":"https:\/\/ateliermh.fr\/index.php?rest_route=%2Fwp%2Fv2%2Fmedia&parent=91"}],"curies":[{"name":"wp","href":"https:\/\/api.w.org\/{rel}","templated":true}]}}