{"id":663,"date":"2023-07-20T19:26:16","date_gmt":"2023-07-20T17:26:16","guid":{"rendered":"https:\/\/ateliermh.fr\/?page_id=663"},"modified":"2025-12-13T10:57:53","modified_gmt":"2025-12-13T09:57:53","slug":"conseil","status":"publish","type":"page","link":"https:\/\/ateliermh.fr\/?page_id=663","title":{"rendered":"Conseils"},"content":{"rendered":"\n<div class=\"wp-block-media-text alignwide is-stacked-on-mobile is-vertically-aligned-center\" style=\"grid-template-columns:24% auto\"><figure class=\"wp-block-media-text__media\"><img fetchpriority=\"high\" decoding=\"async\" width=\"682\" height=\"1024\" src=\"https:\/\/ateliermh.fr\/wp-content\/uploads\/2024\/01\/seance-atelier-azigae-12-Grande-682x1024.jpeg\" alt=\"\" class=\"wp-image-843 size-full\" srcset=\"https:\/\/ateliermh.fr\/wp-content\/uploads\/2024\/01\/seance-atelier-azigae-12-Grande-682x1024.jpeg 682w, https:\/\/ateliermh.fr\/wp-content\/uploads\/2024\/01\/seance-atelier-azigae-12-Grande-200x300.jpeg 200w, https:\/\/ateliermh.fr\/wp-content\/uploads\/2024\/01\/seance-atelier-azigae-12-Grande-768x1152.jpeg 768w, https:\/\/ateliermh.fr\/wp-content\/uploads\/2024\/01\/seance-atelier-azigae-12-Grande.jpeg 853w\" sizes=\"(max-width: 682px) 100vw, 682px\" \/><\/figure><div class=\"wp-block-media-text__content\">\n<p class=\"has-text-align-left\">Il est important de conserver son tableau dans les meilleures conditions possibles afin qu&rsquo;il subisse le moins possible les al\u00e9as du temps. <\/p>\n\n\n\n<p class=\"has-text-align-left\">Les oeuvres ne doivent pas subir des variations importantes hygrom\u00e9triques ou se situer dans un environnement humide. Cela peut entra\u00eener des mouvements entre le support et la couche picturale, modifiant l&rsquo;\u00e9tat de surface de la peinture et amenant \u00e0 des pertes de mati\u00e8res. <\/p>\n\n\n\n<p class=\"has-text-align-left\">Il est \u00e9galement important de ne pas les exposer \u00e0 une lumi\u00e8re directe ou \u00e0 un projecteur diffusant une forte chaleur, pouvant provoquer l&rsquo;augmentation de la temp\u00e9rature de la peinture.<\/p>\n\n\n\n<p class=\"has-text-align-left\">Un emballage ad\u00e9quat lors d&rsquo;un transport sur une grande distance est n\u00e9cessaire. Si l&rsquo;oeuvre n&rsquo;est pas correctement prot\u00e9g\u00e9e, elle peut \u00eatre endommag\u00e9e et subit des chutes d&rsquo;\u00e9cailles, cons\u00e9quence des vibrations environnantes.<\/p>\n<\/div><\/div>\n\n\n\n<p><\/p>\n\n\n\n<p><\/p>\n","protected":false},"excerpt":{"rendered":"<p>Il est important de conserver son tableau dans les meilleures conditions possibles afin qu&rsquo;il subisse le moins possible les al\u00e9as du temps. Les oeuvres ne doivent pas subir des variations importantes hygrom\u00e9triques ou se situer dans un environnement humide. Cela peut entra\u00eener des mouvements entre le support et la couche picturale, modifiant l&rsquo;\u00e9tat de surface de la peinture et amenant \u00e0 des pertes de mati\u00e8res. Il est \u00e9galement important de ne pas les exposer \u00e0 une lumi\u00e8re directe ou \u00e0 un projecteur diffusant une forte chaleur, pouvant provoquer l&rsquo;augmentation de la temp\u00e9rature de la peinture. Un emballage ad\u00e9quat lors d&rsquo;un transport sur une grande distance est n\u00e9cessaire. Si l&rsquo;oeuvre n&rsquo;est pas correctement prot\u00e9g\u00e9e, elle peut \u00eatre endommag\u00e9e et subit des chutes d&rsquo;\u00e9cailles, cons\u00e9quence des vibrations environnantes.<\/p>\n","protected":false},"author":1,"featured_media":0,"parent":85,"menu_order":0,"comment_status":"closed","ping_status":"closed","template":"","meta":{"footnotes":""},"class_list":["post-663","page","type-page","status-publish","hentry"],"yoast_head":"<!-- This site is optimized with the Yoast SEO plugin v26.5 - https:\/\/yoast.com\/wordpress\/plugins\/seo\/ -->\n<title>Conseils - Atelier MH<\/title>\n<meta name=\"robots\" content=\"index, follow, max-snippet:-1, max-image-preview:large, max-video-preview:-1\" \/>\n<link rel=\"canonical\" href=\"https:\/\/ateliermh.fr\/?page_id=663\" \/>\n<meta property=\"og:locale\" content=\"fr_FR\" \/>\n<meta property=\"og:type\" content=\"article\" \/>\n<meta property=\"og:title\" content=\"Conseils - Atelier MH\" \/>\n<meta property=\"og:description\" content=\"Il est important de conserver son tableau dans les meilleures conditions possibles afin qu&rsquo;il subisse le moins possible les al\u00e9as du temps. Les oeuvres ne doivent pas subir des variations importantes hygrom\u00e9triques ou se situer dans un environnement humide. Cela peut entra\u00eener des mouvements entre le support et la couche picturale, modifiant l&rsquo;\u00e9tat de surface de la peinture et amenant \u00e0 des pertes de mati\u00e8res. Il est \u00e9galement important de ne pas les exposer \u00e0 une lumi\u00e8re directe ou \u00e0 un projecteur diffusant une forte chaleur, pouvant provoquer l&rsquo;augmentation de la temp\u00e9rature de la peinture. Un emballage ad\u00e9quat lors d&rsquo;un transport sur une grande distance est n\u00e9cessaire. Si l&rsquo;oeuvre n&rsquo;est pas correctement prot\u00e9g\u00e9e, elle peut \u00eatre endommag\u00e9e et subit des chutes d&rsquo;\u00e9cailles, cons\u00e9quence des vibrations environnantes.\" \/>\n<meta property=\"og:url\" content=\"https:\/\/ateliermh.fr\/?page_id=663\" \/>\n<meta property=\"og:site_name\" content=\"Atelier MH\" \/>\n<meta property=\"article:publisher\" content=\"https:\/\/www.facebook.com\/AtelierMH52\/\" \/>\n<meta property=\"article:modified_time\" content=\"2025-12-13T09:57:53+00:00\" \/>\n<meta property=\"og:image\" content=\"https:\/\/ateliermh.fr\/wp-content\/uploads\/2024\/01\/seance-atelier-azigae-12-Grande.jpeg\" \/>\n\t<meta property=\"og:image:width\" content=\"853\" \/>\n\t<meta property=\"og:image:height\" content=\"1280\" \/>\n\t<meta property=\"og:image:type\" content=\"image\/jpeg\" \/>\n<meta name=\"twitter:card\" content=\"summary_large_image\" \/>\n<meta name=\"twitter:label1\" content=\"Dur\u00e9e de lecture estim\u00e9e\" \/>\n\t<meta name=\"twitter:data1\" content=\"1 minute\" \/>\n<script type=\"application\/ld+json\" class=\"yoast-schema-graph\">{\"@context\":\"https:\/\/schema.org\",\"@graph\":[{\"@type\":\"WebPage\",\"@id\":\"https:\/\/ateliermh.fr\/?page_id=663\",\"url\":\"https:\/\/ateliermh.fr\/?page_id=663\",\"name\":\"Conseils - Atelier MH\",\"isPartOf\":{\"@id\":\"https:\/\/ateliermh.fr\/#website\"},\"primaryImageOfPage\":{\"@id\":\"https:\/\/ateliermh.fr\/?page_id=663#primaryimage\"},\"image\":{\"@id\":\"https:\/\/ateliermh.fr\/?page_id=663#primaryimage\"},\"thumbnailUrl\":\"https:\/\/ateliermh.fr\/wp-content\/uploads\/2024\/01\/seance-atelier-azigae-12-Grande-682x1024.jpeg\",\"datePublished\":\"2023-07-20T17:26:16+00:00\",\"dateModified\":\"2025-12-13T09:57:53+00:00\",\"breadcrumb\":{\"@id\":\"https:\/\/ateliermh.fr\/?page_id=663#breadcrumb\"},\"inLanguage\":\"fr-FR\",\"potentialAction\":[{\"@type\":\"ReadAction\",\"target\":[\"https:\/\/ateliermh.fr\/?page_id=663\"]}]},{\"@type\":\"ImageObject\",\"inLanguage\":\"fr-FR\",\"@id\":\"https:\/\/ateliermh.fr\/?page_id=663#primaryimage\",\"url\":\"https:\/\/ateliermh.fr\/wp-content\/uploads\/2024\/01\/seance-atelier-azigae-12-Grande.jpeg\",\"contentUrl\":\"https:\/\/ateliermh.fr\/wp-content\/uploads\/2024\/01\/seance-atelier-azigae-12-Grande.jpeg\",\"width\":853,\"height\":1280},{\"@type\":\"BreadcrumbList\",\"@id\":\"https:\/\/ateliermh.fr\/?page_id=663#breadcrumb\",\"itemListElement\":[{\"@type\":\"ListItem\",\"position\":1,\"name\":\"Accueil\",\"item\":\"https:\/\/ateliermh.fr\/\"},{\"@type\":\"ListItem\",\"position\":2,\"name\":\"Constat d&rsquo;\u00e9tat et diagnostic\",\"item\":\"https:\/\/ateliermh.fr\/?page_id=85\"},{\"@type\":\"ListItem\",\"position\":3,\"name\":\"Conseils\"}]},{\"@type\":\"WebSite\",\"@id\":\"https:\/\/ateliermh.fr\/#website\",\"url\":\"https:\/\/ateliermh.fr\/\",\"name\":\"Atelier MH\",\"description\":\"Conservation Restauration de tableaux\",\"publisher\":{\"@id\":\"https:\/\/ateliermh.fr\/#organization\"},\"potentialAction\":[{\"@type\":\"SearchAction\",\"target\":{\"@type\":\"EntryPoint\",\"urlTemplate\":\"https:\/\/ateliermh.fr\/?s={search_term_string}\"},\"query-input\":{\"@type\":\"PropertyValueSpecification\",\"valueRequired\":true,\"valueName\":\"search_term_string\"}}],\"inLanguage\":\"fr-FR\"},{\"@type\":\"Organization\",\"@id\":\"https:\/\/ateliermh.fr\/#organization\",\"name\":\"Atelier MH\",\"url\":\"https:\/\/ateliermh.fr\/\",\"logo\":{\"@type\":\"ImageObject\",\"inLanguage\":\"fr-FR\",\"@id\":\"https:\/\/ateliermh.fr\/#\/schema\/logo\/image\/\",\"url\":\"https:\/\/ateliermh.fr\/wp-content\/uploads\/2023\/10\/cropped-Logo-secondaire.jpg\",\"contentUrl\":\"https:\/\/ateliermh.fr\/wp-content\/uploads\/2023\/10\/cropped-Logo-secondaire.jpg\",\"width\":407,\"height\":407,\"caption\":\"Atelier MH\"},\"image\":{\"@id\":\"https:\/\/ateliermh.fr\/#\/schema\/logo\/image\/\"},\"sameAs\":[\"https:\/\/www.facebook.com\/AtelierMH52\/\"]}]}<\/script>\n<!-- \/ Yoast SEO plugin. -->","yoast_head_json":{"title":"Conseils - Atelier MH","robots":{"index":"index","follow":"follow","max-snippet":"max-snippet:-1","max-image-preview":"max-image-preview:large","max-video-preview":"max-video-preview:-1"},"canonical":"https:\/\/ateliermh.fr\/?page_id=663","og_locale":"fr_FR","og_type":"article","og_title":"Conseils - Atelier MH","og_description":"Il est important de conserver son tableau dans les meilleures conditions possibles afin qu&rsquo;il subisse le moins possible les al\u00e9as du temps. Les oeuvres ne doivent pas subir des variations importantes hygrom\u00e9triques ou se situer dans un environnement humide. Cela peut entra\u00eener des mouvements entre le support et la couche picturale, modifiant l&rsquo;\u00e9tat de surface de la peinture et amenant \u00e0 des pertes de mati\u00e8res. Il est \u00e9galement important de ne pas les exposer \u00e0 une lumi\u00e8re directe ou \u00e0 un projecteur diffusant une forte chaleur, pouvant provoquer l&rsquo;augmentation de la temp\u00e9rature de la peinture. Un emballage ad\u00e9quat lors d&rsquo;un transport sur une grande distance est n\u00e9cessaire. Si l&rsquo;oeuvre n&rsquo;est pas correctement prot\u00e9g\u00e9e, elle peut \u00eatre endommag\u00e9e et subit des chutes d&rsquo;\u00e9cailles, cons\u00e9quence des vibrations environnantes.","og_url":"https:\/\/ateliermh.fr\/?page_id=663","og_site_name":"Atelier MH","article_publisher":"https:\/\/www.facebook.com\/AtelierMH52\/","article_modified_time":"2025-12-13T09:57:53+00:00","og_image":[{"width":853,"height":1280,"url":"https:\/\/ateliermh.fr\/wp-content\/uploads\/2024\/01\/seance-atelier-azigae-12-Grande.jpeg","type":"image\/jpeg"}],"twitter_card":"summary_large_image","twitter_misc":{"Dur\u00e9e de lecture estim\u00e9e":"1 minute"},"schema":{"@context":"https:\/\/schema.org","@graph":[{"@type":"WebPage","@id":"https:\/\/ateliermh.fr\/?page_id=663","url":"https:\/\/ateliermh.fr\/?page_id=663","name":"Conseils - Atelier MH","isPartOf":{"@id":"https:\/\/ateliermh.fr\/#website"},"primaryImageOfPage":{"@id":"https:\/\/ateliermh.fr\/?page_id=663#primaryimage"},"image":{"@id":"https:\/\/ateliermh.fr\/?page_id=663#primaryimage"},"thumbnailUrl":"https:\/\/ateliermh.fr\/wp-content\/uploads\/2024\/01\/seance-atelier-azigae-12-Grande-682x1024.jpeg","datePublished":"2023-07-20T17:26:16+00:00","dateModified":"2025-12-13T09:57:53+00:00","breadcrumb":{"@id":"https:\/\/ateliermh.fr\/?page_id=663#breadcrumb"},"inLanguage":"fr-FR","potentialAction":[{"@type":"ReadAction","target":["https:\/\/ateliermh.fr\/?page_id=663"]}]},{"@type":"ImageObject","inLanguage":"fr-FR","@id":"https:\/\/ateliermh.fr\/?page_id=663#primaryimage","url":"https:\/\/ateliermh.fr\/wp-content\/uploads\/2024\/01\/seance-atelier-azigae-12-Grande.jpeg","contentUrl":"https:\/\/ateliermh.fr\/wp-content\/uploads\/2024\/01\/seance-atelier-azigae-12-Grande.jpeg","width":853,"height":1280},{"@type":"BreadcrumbList","@id":"https:\/\/ateliermh.fr\/?page_id=663#breadcrumb","itemListElement":[{"@type":"ListItem","position":1,"name":"Accueil","item":"https:\/\/ateliermh.fr\/"},{"@type":"ListItem","position":2,"name":"Constat d&rsquo;\u00e9tat et diagnostic","item":"https:\/\/ateliermh.fr\/?page_id=85"},{"@type":"ListItem","position":3,"name":"Conseils"}]},{"@type":"WebSite","@id":"https:\/\/ateliermh.fr\/#website","url":"https:\/\/ateliermh.fr\/","name":"Atelier MH","description":"Conservation Restauration de tableaux","publisher":{"@id":"https:\/\/ateliermh.fr\/#organization"},"potentialAction":[{"@type":"SearchAction","target":{"@type":"EntryPoint","urlTemplate":"https:\/\/ateliermh.fr\/?s={search_term_string}"},"query-input":{"@type":"PropertyValueSpecification","valueRequired":true,"valueName":"search_term_string"}}],"inLanguage":"fr-FR"},{"@type":"Organization","@id":"https:\/\/ateliermh.fr\/#organization","name":"Atelier MH","url":"https:\/\/ateliermh.fr\/","logo":{"@type":"ImageObject","inLanguage":"fr-FR","@id":"https:\/\/ateliermh.fr\/#\/schema\/logo\/image\/","url":"https:\/\/ateliermh.fr\/wp-content\/uploads\/2023\/10\/cropped-Logo-secondaire.jpg","contentUrl":"https:\/\/ateliermh.fr\/wp-content\/uploads\/2023\/10\/cropped-Logo-secondaire.jpg","width":407,"height":407,"caption":"Atelier MH"},"image":{"@id":"https:\/\/ateliermh.fr\/#\/schema\/logo\/image\/"},"sameAs":["https:\/\/www.facebook.com\/AtelierMH52\/"]}]}},"_links":{"self":[{"href":"https:\/\/ateliermh.fr\/index.php?rest_route=\/wp\/v2\/pages\/663","targetHints":{"allow":["GET"]}}],"collection":[{"href":"https:\/\/ateliermh.fr\/index.php?rest_route=\/wp\/v2\/pages"}],"about":[{"href":"https:\/\/ateliermh.fr\/index.php?rest_route=\/wp\/v2\/types\/page"}],"author":[{"embeddable":true,"href":"https:\/\/ateliermh.fr\/index.php?rest_route=\/wp\/v2\/users\/1"}],"replies":[{"embeddable":true,"href":"https:\/\/ateliermh.fr\/index.php?rest_route=%2Fwp%2Fv2%2Fcomments&post=663"}],"version-history":[{"count":0,"href":"https:\/\/ateliermh.fr\/index.php?rest_route=\/wp\/v2\/pages\/663\/revisions"}],"up":[{"embeddable":true,"href":"https:\/\/ateliermh.fr\/index.php?rest_route=\/wp\/v2\/pages\/85"}],"wp:attachment":[{"href":"https:\/\/ateliermh.fr\/index.php?rest_route=%2Fwp%2Fv2%2Fmedia&parent=663"}],"curies":[{"name":"wp","href":"https:\/\/api.w.org\/{rel}","templated":true}]}}