{"id":598,"date":"2023-07-19T20:54:08","date_gmt":"2023-07-19T18:54:08","guid":{"rendered":"https:\/\/ateliermh.fr\/?page_id=598"},"modified":"2025-12-13T11:04:45","modified_gmt":"2025-12-13T10:04:45","slug":"portrait-denfant","status":"publish","type":"page","link":"https:\/\/ateliermh.fr\/?page_id=598","title":{"rendered":"Portrait d&rsquo;enfant"},"content":{"rendered":"\n<div class=\"wp-block-columns are-vertically-aligned-center has-medium-font-size is-layout-flex wp-container-core-columns-is-layout-28f84493 wp-block-columns-is-layout-flex\">\n<div class=\"wp-block-column is-vertically-aligned-center is-layout-flow wp-block-column-is-layout-flow\" style=\"flex-basis:50%\"><div class=\"n2-section-smartslider fitvidsignore  n2_clear\" data-ssid=\"3\"><div id=\"n2-ss-3-align\" class=\"n2-ss-align\"><div class=\"n2-padding\"><div id=\"n2-ss-3\" data-creator=\"Smart Slider 3\" data-responsive=\"auto\" class=\"n2-ss-slider n2-ow n2-has-hover n2notransition  \"><div class=\"n2-ss-slider-wrapper-outside\" style=\"grid-template-rows:1fr auto\"><div class=\"n2-ss-slider-wrapper-inside\">\n        <div class=\"n2-ss-slider-1 n2_ss__touch_element n2-ow\">\n            <div class=\"n2-ss-slider-2 n2-ow\">\n                                                <div class=\"n2-ss-slider-3 n2-ow\">\n\n                    <div class=\"n2-ss-slide-backgrounds n2-ow-all\"><div class=\"n2-ss-slide-background\" data-public-id=\"1\" data-mode=\"fit\"><div data-color=\"RGBA(9,6,65,0.72)\" style=\"background-color: RGBA(9,6,65,0.72);\" class=\"n2-ss-slide-background-color\"><\/div><\/div><div class=\"n2-ss-slide-background\" data-public-id=\"2\" data-mode=\"fit\" aria-hidden=\"true\"><div data-color=\"RGBA(9,6,65,0.72)\" style=\"background-color: RGBA(9,6,65,0.72);\" class=\"n2-ss-slide-background-color\"><\/div><\/div><div class=\"n2-ss-slide-background\" data-public-id=\"3\" data-mode=\"fit\" aria-hidden=\"true\"><div data-color=\"RGBA(9,6,65,0.72)\" style=\"background-color: RGBA(9,6,65,0.72);\" class=\"n2-ss-slide-background-color\"><\/div><\/div><\/div>                    <div class=\"n2-ss-slider-4 n2-ow\">\n                        <svg xmlns=\"http:\/\/www.w3.org\/2000\/svg\" viewBox=\"0 0 1000 600\" data-related-device=\"desktopPortrait\" class=\"n2-ow n2-ss-preserve-size n2-ss-preserve-size--slider n2-ss-slide-limiter\"><\/svg><div data-first=\"1\" data-slide-duration=\"0\" data-id=\"14\" data-slide-public-id=\"1\" data-title=\"IMG_6339 Grande\" class=\"n2-ss-slide n2-ow  n2-ss-slide-14\"><div role=\"note\" class=\"n2-ss-slide--focus\" tabindex=\"-1\">IMG_6339 Grande<\/div><div class=\"n2-ss-layers-container n2-ss-slide-limiter n2-ow\"><div class=\"n2-ss-layer n2-ow n-uc-5IdOT2QAsZTp\" data-sstype=\"slide\" data-pm=\"default\"><div class=\"n2-ss-layer n2-ow n-uc-vByUYVIArZ1I\" data-pm=\"default\" data-sstype=\"content\" data-hasbackground=\"0\"><div class=\"n2-ss-section-main-content n2-ss-layer-with-background n2-ss-layer-content n2-ow n-uc-vByUYVIArZ1I-inner\"><div class=\"n2-ss-layer n2-ow n-uc-OvncUCXkrhmq\" style=\"overflow:hidden;\" data-pm=\"normal\" data-sstype=\"layer\"><div class=\" n2-ss-item-image-content n2-ss-item-content n2-ow-all\"><img fetchpriority=\"high\" decoding=\"async\" id=\"n2-ss-3item1\" alt=\"\" class=\"skip-lazy\" width=\"1103\" height=\"1375\" data-skip-lazy=\"1\" src=\"\/\/ateliermh.fr\/wp-content\/uploads\/2023\/07\/cropped-481933BD-42B6-4E0D-B415-045C5BCD0992-1.jpg\" \/><\/div><\/div><\/div><\/div><\/div><\/div><\/div><div data-slide-duration=\"0\" data-id=\"16\" data-slide-public-id=\"2\" aria-hidden=\"true\" data-title=\"IMG_5305 Grande\" class=\"n2-ss-slide n2-ow  n2-ss-slide-16\"><div role=\"note\" class=\"n2-ss-slide--focus\" tabindex=\"-1\">IMG_5305 Grande<\/div><div class=\"n2-ss-layers-container n2-ss-slide-limiter n2-ow\"><div class=\"n2-ss-layer n2-ow n-uc-d7gRp5T554hw\" data-sstype=\"slide\" data-pm=\"default\"><div class=\"n2-ss-layer n2-ow n-uc-8oEfE0ulSHmi\" data-pm=\"default\" data-sstype=\"content\" data-hasbackground=\"0\"><div class=\"n2-ss-section-main-content n2-ss-layer-with-background n2-ss-layer-content n2-ow n-uc-8oEfE0ulSHmi-inner\"><div class=\"n2-ss-layer n2-ow n-uc-TEiuthp8yNmJ\" data-pm=\"normal\" data-sstype=\"layer\"><div class=\" n2-ss-item-image-content n2-ss-item-content n2-ow-all\"><img loading=\"lazy\" decoding=\"async\" id=\"n2-ss-3item2\" alt=\"\" class=\"skip-lazy\" loading=\"lazy\" width=\"1920\" height=\"2560\" data-skip-lazy=\"1\" src=\"\/\/ateliermh.fr\/wp-content\/uploads\/2023\/03\/20171113_131459-scaled.jpg\" \/><\/div><\/div><\/div><\/div><\/div><\/div><\/div><div data-slide-duration=\"0\" data-id=\"15\" data-slide-public-id=\"3\" aria-hidden=\"true\" data-title=\"IMG_5305 Grande\" class=\"n2-ss-slide n2-ow  n2-ss-slide-15\"><div role=\"note\" class=\"n2-ss-slide--focus\" tabindex=\"-1\">IMG_5305 Grande<\/div><div class=\"n2-ss-layers-container n2-ss-slide-limiter n2-ow\"><div class=\"n2-ss-layer n2-ow n-uc-1YUQ0NeLNrQ7\" data-sstype=\"slide\" data-pm=\"default\"><div class=\"n2-ss-layer n2-ow n-uc-UgzLI8Az5omD\" data-pm=\"default\" data-sstype=\"content\" data-hasbackground=\"0\"><div class=\"n2-ss-section-main-content n2-ss-layer-with-background n2-ss-layer-content n2-ow n-uc-UgzLI8Az5omD-inner\"><div class=\"n2-ss-layer n2-ow n-uc-7uNRwNgqZBrr\" data-pm=\"normal\" data-sstype=\"layer\"><div class=\" n2-ss-item-image-content n2-ss-item-content n2-ow-all\"><img loading=\"lazy\" decoding=\"async\" id=\"n2-ss-3item3\" alt=\"\" class=\"skip-lazy\" loading=\"lazy\" width=\"1440\" height=\"1800\" data-skip-lazy=\"1\" src=\"\/\/ateliermh.fr\/wp-content\/uploads\/2023\/04\/8A8DF1DB-6991-4AB4-930D-001F7C26EC46.jpg\" \/><\/div><\/div><\/div><\/div><\/div><\/div><\/div>                    <\/div>\n\n                                    <\/div>\n            <\/div>\n        <\/div>\n        <div class=\"n2-ss-slider-controls n2-ss-slider-controls-absolute-left-center\"><div style=\"--widget-offset:15px;\" class=\"n2-ss-widget nextend-arrow n2-ow-all nextend-arrow-previous  nextend-arrow-animated-fade\" data-hide-mobileportrait=\"1\" id=\"n2-ss-3-arrow-previous\" role=\"button\" aria-label=\"previous arrow\" tabindex=\"0\"><img decoding=\"async\" width=\"32\" height=\"32\" class=\"skip-lazy\" data-skip-lazy=\"1\" src=\"data:image\/svg+xml;base64,PHN2ZyB3aWR0aD0iMzIiIGhlaWdodD0iMzIiIHZpZXdCb3g9IjAgMCAzMiAzMiIgeG1sbnM9Imh0dHA6Ly93d3cudzMub3JnLzIwMDAvc3ZnIj4KICAgIDxwYXRoIGQ9Ik0xMS40MzMgMTUuOTkyTDIyLjY5IDUuNzEyYy4zOTMtLjM5LjM5My0xLjAzIDAtMS40Mi0uMzkzLS4zOS0xLjAzLS4zOS0xLjQyMyAwbC0xMS45OCAxMC45NGMtLjIxLjIxLS4zLjQ5LS4yODUuNzYtLjAxNS4yOC4wNzUuNTYuMjg0Ljc3bDExLjk4IDEwLjk0Yy4zOTMuMzkgMS4wMy4zOSAxLjQyNCAwIC4zOTMtLjQuMzkzLTEuMDMgMC0xLjQybC0xMS4yNTctMTAuMjkiCiAgICAgICAgICBmaWxsPSIjZmZmZmZmIiBvcGFjaXR5PSIwLjgiIGZpbGwtcnVsZT0iZXZlbm9kZCIvPgo8L3N2Zz4=\" alt=\"previous arrow\"><\/div><\/div><div class=\"n2-ss-slider-controls n2-ss-slider-controls-absolute-right-center\"><div style=\"--widget-offset:15px;\" class=\"n2-ss-widget nextend-arrow n2-ow-all nextend-arrow-next  nextend-arrow-animated-fade\" data-hide-mobileportrait=\"1\" id=\"n2-ss-3-arrow-next\" role=\"button\" aria-label=\"next arrow\" tabindex=\"0\"><img decoding=\"async\" width=\"32\" height=\"32\" class=\"skip-lazy\" data-skip-lazy=\"1\" src=\"data:image\/svg+xml;base64,PHN2ZyB3aWR0aD0iMzIiIGhlaWdodD0iMzIiIHZpZXdCb3g9IjAgMCAzMiAzMiIgeG1sbnM9Imh0dHA6Ly93d3cudzMub3JnLzIwMDAvc3ZnIj4KICAgIDxwYXRoIGQ9Ik0xMC43MjIgNC4yOTNjLS4zOTQtLjM5LTEuMDMyLS4zOS0xLjQyNyAwLS4zOTMuMzktLjM5MyAxLjAzIDAgMS40MmwxMS4yODMgMTAuMjgtMTEuMjgzIDEwLjI5Yy0uMzkzLjM5LS4zOTMgMS4wMiAwIDEuNDIuMzk1LjM5IDEuMDMzLjM5IDEuNDI3IDBsMTIuMDA3LTEwLjk0Yy4yMS0uMjEuMy0uNDkuMjg0LS43Ny4wMTQtLjI3LS4wNzYtLjU1LS4yODYtLjc2TDEwLjcyIDQuMjkzeiIKICAgICAgICAgIGZpbGw9IiNmZmZmZmYiIG9wYWNpdHk9IjAuOCIgZmlsbC1ydWxlPSJldmVub2RkIi8+Cjwvc3ZnPg==\" alt=\"next arrow\"><\/div><\/div><\/div><div class=\"n2-ss-slider-controls n2-ss-slider-controls-below\"><div class=\"n2-ss-widget nextend-shadow n2-ow-all\" data-hide-mobileportrait=\"1\"><img loading=\"lazy\" decoding=\"async\" width=\"1120\" height=\"50\" style=\"display: block; width:100%;max-width:none;\" class=\"nextend-shadow-image skip-lazy\" loading=\"lazy\" data-skip-lazy=\"1\" src=\"https:\/\/ateliermh.fr\/wp-content\/plugins\/smart-slider-3\/Public\/SmartSlider3\/Widget\/Shadow\/ShadowImage\/Assets\/shadow\/float.png\" alt=\"Shadow\"><\/div><\/div><\/div><\/div><ss3-loader><\/ss3-loader><\/div><\/div><div class=\"n2_clear\"><\/div><\/div><\/div>\n\n\n\n<div class=\"wp-block-column is-layout-flow wp-block-column-is-layout-flow\" style=\"flex-basis:2px\"><\/div>\n\n\n\n<div class=\"wp-block-column is-layout-flow wp-block-column-is-layout-flow\"><\/div>\n\n\n\n<div class=\"wp-block-column is-vertically-aligned-center is-layout-flow wp-block-column-is-layout-flow\" style=\"flex-basis:52%\">\n<p><em>Portrait d&rsquo;enfant<\/em>, huile sur toile<\/p>\n\n\n\n<p class=\"has-background\" style=\"background-color:#76a88f00\">D\u00e9crassage et all\u00e8gement du vernis, reprise de la d\u00e9chirure<\/p>\n<\/div>\n<\/div>\n","protected":false},"excerpt":{"rendered":"<p>Portrait d&rsquo;enfant, huile sur toile D\u00e9crassage et all\u00e8gement du vernis, reprise de la d\u00e9chirure<\/p>\n","protected":false},"author":1,"featured_media":0,"parent":98,"menu_order":0,"comment_status":"closed","ping_status":"closed","template":"","meta":{"footnotes":""},"class_list":["post-598","page","type-page","status-publish","hentry"],"yoast_head":"<!-- This site is optimized with the Yoast SEO plugin v26.5 - https:\/\/yoast.com\/wordpress\/plugins\/seo\/ -->\n<title>Portrait d&#039;enfant - Atelier MH<\/title>\n<meta name=\"robots\" content=\"index, follow, max-snippet:-1, max-image-preview:large, max-video-preview:-1\" \/>\n<link rel=\"canonical\" href=\"https:\/\/ateliermh.fr\/?page_id=598\" \/>\n<meta property=\"og:locale\" content=\"fr_FR\" \/>\n<meta property=\"og:type\" content=\"article\" \/>\n<meta property=\"og:title\" content=\"Portrait d&#039;enfant - Atelier MH\" \/>\n<meta property=\"og:description\" content=\"Portrait d&rsquo;enfant, huile sur toile D\u00e9crassage et all\u00e8gement du vernis, reprise de la d\u00e9chirure\" \/>\n<meta property=\"og:url\" content=\"https:\/\/ateliermh.fr\/?page_id=598\" \/>\n<meta property=\"og:site_name\" content=\"Atelier MH\" \/>\n<meta property=\"article:publisher\" content=\"https:\/\/www.facebook.com\/AtelierMH52\/\" \/>\n<meta property=\"article:modified_time\" content=\"2025-12-13T10:04:45+00:00\" \/>\n<meta name=\"twitter:card\" content=\"summary_large_image\" \/>\n<script type=\"application\/ld+json\" class=\"yoast-schema-graph\">{\"@context\":\"https:\/\/schema.org\",\"@graph\":[{\"@type\":\"WebPage\",\"@id\":\"https:\/\/ateliermh.fr\/?page_id=598\",\"url\":\"https:\/\/ateliermh.fr\/?page_id=598\",\"name\":\"Portrait d'enfant - Atelier MH\",\"isPartOf\":{\"@id\":\"https:\/\/ateliermh.fr\/#website\"},\"datePublished\":\"2023-07-19T18:54:08+00:00\",\"dateModified\":\"2025-12-13T10:04:45+00:00\",\"breadcrumb\":{\"@id\":\"https:\/\/ateliermh.fr\/?page_id=598#breadcrumb\"},\"inLanguage\":\"fr-FR\",\"potentialAction\":[{\"@type\":\"ReadAction\",\"target\":[\"https:\/\/ateliermh.fr\/?page_id=598\"]}]},{\"@type\":\"BreadcrumbList\",\"@id\":\"https:\/\/ateliermh.fr\/?page_id=598#breadcrumb\",\"itemListElement\":[{\"@type\":\"ListItem\",\"position\":1,\"name\":\"Accueil\",\"item\":\"https:\/\/ateliermh.fr\/\"},{\"@type\":\"ListItem\",\"position\":2,\"name\":\"Galerie\",\"item\":\"https:\/\/ateliermh.fr\/?page_id=98\"},{\"@type\":\"ListItem\",\"position\":3,\"name\":\"Portrait d&rsquo;enfant\"}]},{\"@type\":\"WebSite\",\"@id\":\"https:\/\/ateliermh.fr\/#website\",\"url\":\"https:\/\/ateliermh.fr\/\",\"name\":\"Atelier MH\",\"description\":\"Conservation Restauration de tableaux\",\"publisher\":{\"@id\":\"https:\/\/ateliermh.fr\/#organization\"},\"potentialAction\":[{\"@type\":\"SearchAction\",\"target\":{\"@type\":\"EntryPoint\",\"urlTemplate\":\"https:\/\/ateliermh.fr\/?s={search_term_string}\"},\"query-input\":{\"@type\":\"PropertyValueSpecification\",\"valueRequired\":true,\"valueName\":\"search_term_string\"}}],\"inLanguage\":\"fr-FR\"},{\"@type\":\"Organization\",\"@id\":\"https:\/\/ateliermh.fr\/#organization\",\"name\":\"Atelier MH\",\"url\":\"https:\/\/ateliermh.fr\/\",\"logo\":{\"@type\":\"ImageObject\",\"inLanguage\":\"fr-FR\",\"@id\":\"https:\/\/ateliermh.fr\/#\/schema\/logo\/image\/\",\"url\":\"https:\/\/ateliermh.fr\/wp-content\/uploads\/2023\/10\/cropped-Logo-secondaire.jpg\",\"contentUrl\":\"https:\/\/ateliermh.fr\/wp-content\/uploads\/2023\/10\/cropped-Logo-secondaire.jpg\",\"width\":407,\"height\":407,\"caption\":\"Atelier MH\"},\"image\":{\"@id\":\"https:\/\/ateliermh.fr\/#\/schema\/logo\/image\/\"},\"sameAs\":[\"https:\/\/www.facebook.com\/AtelierMH52\/\"]}]}<\/script>\n<!-- \/ Yoast SEO plugin. -->","yoast_head_json":{"title":"Portrait d'enfant - Atelier MH","robots":{"index":"index","follow":"follow","max-snippet":"max-snippet:-1","max-image-preview":"max-image-preview:large","max-video-preview":"max-video-preview:-1"},"canonical":"https:\/\/ateliermh.fr\/?page_id=598","og_locale":"fr_FR","og_type":"article","og_title":"Portrait d'enfant - Atelier MH","og_description":"Portrait d&rsquo;enfant, huile sur toile D\u00e9crassage et all\u00e8gement du vernis, reprise de la d\u00e9chirure","og_url":"https:\/\/ateliermh.fr\/?page_id=598","og_site_name":"Atelier MH","article_publisher":"https:\/\/www.facebook.com\/AtelierMH52\/","article_modified_time":"2025-12-13T10:04:45+00:00","twitter_card":"summary_large_image","schema":{"@context":"https:\/\/schema.org","@graph":[{"@type":"WebPage","@id":"https:\/\/ateliermh.fr\/?page_id=598","url":"https:\/\/ateliermh.fr\/?page_id=598","name":"Portrait d'enfant - Atelier MH","isPartOf":{"@id":"https:\/\/ateliermh.fr\/#website"},"datePublished":"2023-07-19T18:54:08+00:00","dateModified":"2025-12-13T10:04:45+00:00","breadcrumb":{"@id":"https:\/\/ateliermh.fr\/?page_id=598#breadcrumb"},"inLanguage":"fr-FR","potentialAction":[{"@type":"ReadAction","target":["https:\/\/ateliermh.fr\/?page_id=598"]}]},{"@type":"BreadcrumbList","@id":"https:\/\/ateliermh.fr\/?page_id=598#breadcrumb","itemListElement":[{"@type":"ListItem","position":1,"name":"Accueil","item":"https:\/\/ateliermh.fr\/"},{"@type":"ListItem","position":2,"name":"Galerie","item":"https:\/\/ateliermh.fr\/?page_id=98"},{"@type":"ListItem","position":3,"name":"Portrait d&rsquo;enfant"}]},{"@type":"WebSite","@id":"https:\/\/ateliermh.fr\/#website","url":"https:\/\/ateliermh.fr\/","name":"Atelier MH","description":"Conservation Restauration de tableaux","publisher":{"@id":"https:\/\/ateliermh.fr\/#organization"},"potentialAction":[{"@type":"SearchAction","target":{"@type":"EntryPoint","urlTemplate":"https:\/\/ateliermh.fr\/?s={search_term_string}"},"query-input":{"@type":"PropertyValueSpecification","valueRequired":true,"valueName":"search_term_string"}}],"inLanguage":"fr-FR"},{"@type":"Organization","@id":"https:\/\/ateliermh.fr\/#organization","name":"Atelier MH","url":"https:\/\/ateliermh.fr\/","logo":{"@type":"ImageObject","inLanguage":"fr-FR","@id":"https:\/\/ateliermh.fr\/#\/schema\/logo\/image\/","url":"https:\/\/ateliermh.fr\/wp-content\/uploads\/2023\/10\/cropped-Logo-secondaire.jpg","contentUrl":"https:\/\/ateliermh.fr\/wp-content\/uploads\/2023\/10\/cropped-Logo-secondaire.jpg","width":407,"height":407,"caption":"Atelier MH"},"image":{"@id":"https:\/\/ateliermh.fr\/#\/schema\/logo\/image\/"},"sameAs":["https:\/\/www.facebook.com\/AtelierMH52\/"]}]}},"_links":{"self":[{"href":"https:\/\/ateliermh.fr\/index.php?rest_route=\/wp\/v2\/pages\/598","targetHints":{"allow":["GET"]}}],"collection":[{"href":"https:\/\/ateliermh.fr\/index.php?rest_route=\/wp\/v2\/pages"}],"about":[{"href":"https:\/\/ateliermh.fr\/index.php?rest_route=\/wp\/v2\/types\/page"}],"author":[{"embeddable":true,"href":"https:\/\/ateliermh.fr\/index.php?rest_route=\/wp\/v2\/users\/1"}],"replies":[{"embeddable":true,"href":"https:\/\/ateliermh.fr\/index.php?rest_route=%2Fwp%2Fv2%2Fcomments&post=598"}],"version-history":[{"count":0,"href":"https:\/\/ateliermh.fr\/index.php?rest_route=\/wp\/v2\/pages\/598\/revisions"}],"up":[{"embeddable":true,"href":"https:\/\/ateliermh.fr\/index.php?rest_route=\/wp\/v2\/pages\/98"}],"wp:attachment":[{"href":"https:\/\/ateliermh.fr\/index.php?rest_route=%2Fwp%2Fv2%2Fmedia&parent=598"}],"curies":[{"name":"wp","href":"https:\/\/api.w.org\/{rel}","templated":true}]}}