{"id":464,"date":"2023-07-17T21:02:37","date_gmt":"2023-07-17T19:02:37","guid":{"rendered":"https:\/\/ateliermh.fr\/?page_id=464"},"modified":"2025-12-13T11:00:05","modified_gmt":"2025-12-13T10:00:05","slug":"latelier","status":"publish","type":"page","link":"https:\/\/ateliermh.fr\/?page_id=464","title":{"rendered":"L&rsquo;atelier"},"content":{"rendered":"\n<div style=\"height:50px\" aria-hidden=\"true\" class=\"wp-block-spacer\"><\/div>\n\n\n\n<div class=\"wp-block-columns is-layout-flex wp-container-core-columns-is-layout-28f84493 wp-block-columns-is-layout-flex\">\n<div class=\"wp-block-column is-layout-flow wp-block-column-is-layout-flow\" style=\"flex-basis:25%\">\n<h4 class=\"wp-block-heading\">A propos de l&rsquo;atelier<\/h4>\n<\/div>\n<\/div>\n\n\n\n<div class=\"wp-block-media-text alignwide has-media-on-the-right is-stacked-on-mobile\" style=\"grid-template-columns:auto 44%\"><div class=\"wp-block-media-text__content\">\n<p>Situ\u00e9 \u00e0 Saint-Dizier en Haute-Marne (52), l&rsquo;atelier vous propose des prestations de conservation-restauration de peintures. J&rsquo;interviens sur divers supports : toile, bois, mural, carton, papier et cuivre. Il est possible de faire restaurer des oeuvres allant du 15e \u00e0 la peinture moderne et contemporaine.<\/p>\n\n\n\n<p><\/p>\n\n\n\n<p>Je vous propose des devis rapides, complets avec des photographies d\u00e9taill\u00e9es des diverses interventions \u00e0 r\u00e9aliser. Possibilit\u00e9 d&rsquo;un d\u00e9placement si n\u00e9cessaire sur demande.<br><\/p>\n\n\n\n<p>Les prestations sont faites en fonction de vos besoins, amenant si besoin \u00e0 une \u00e9tude pr\u00e9liminaire et \u00e0 un constat d&rsquo;\u00e9tat. Un rapport de restauration peut \u00eatre r\u00e9alis\u00e9 sur demande. Les chantiers in situe sont \u00e9galement possible.<\/p>\n\n\n\n<p><\/p>\n<\/div><figure class=\"wp-block-media-text__media\"><img fetchpriority=\"high\" decoding=\"async\" width=\"1024\" height=\"576\" src=\"https:\/\/ateliermh.fr\/wp-content\/uploads\/2024\/01\/seance-atelier-azigae-1-Grande-1024x576.jpeg\" alt=\"\" class=\"wp-image-855 size-full\" srcset=\"https:\/\/ateliermh.fr\/wp-content\/uploads\/2024\/01\/seance-atelier-azigae-1-Grande-1024x576.jpeg 1024w, https:\/\/ateliermh.fr\/wp-content\/uploads\/2024\/01\/seance-atelier-azigae-1-Grande-300x169.jpeg 300w, https:\/\/ateliermh.fr\/wp-content\/uploads\/2024\/01\/seance-atelier-azigae-1-Grande-768x432.jpeg 768w, https:\/\/ateliermh.fr\/wp-content\/uploads\/2024\/01\/seance-atelier-azigae-1-Grande-1140x641.jpeg 1140w, https:\/\/ateliermh.fr\/wp-content\/uploads\/2024\/01\/seance-atelier-azigae-1-Grande.jpeg 1280w\" sizes=\"(max-width: 1024px) 100vw, 1024px\" \/><\/figure><\/div>\n\n\n\n<p><\/p>\n\n\n\n<p><strong>Ouvert uniquement sur rendez-vous<\/strong><\/p>\n","protected":false},"excerpt":{"rendered":"<p>A propos de l&rsquo;atelier Situ\u00e9 \u00e0 Saint-Dizier en Haute-Marne (52), l&rsquo;atelier vous propose des prestations de conservation-restauration de peintures. J&rsquo;interviens sur divers supports : toile, bois, mural, carton, papier et cuivre. Il est possible de faire restaurer des oeuvres allant du 15e \u00e0 la peinture moderne et contemporaine. Je vous propose des devis rapides, complets avec des photographies d\u00e9taill\u00e9es des diverses interventions \u00e0 r\u00e9aliser. Possibilit\u00e9 d&rsquo;un d\u00e9placement si n\u00e9cessaire sur demande. Les prestations sont faites en fonction de vos besoins, amenant si besoin \u00e0 une \u00e9tude pr\u00e9liminaire et \u00e0 un constat d&rsquo;\u00e9tat. Un rapport de restauration peut \u00eatre r\u00e9alis\u00e9 sur demande. Les chantiers in situe sont \u00e9galement possible. Ouvert uniquement sur rendez-vous<\/p>\n","protected":false},"author":1,"featured_media":0,"parent":91,"menu_order":0,"comment_status":"closed","ping_status":"closed","template":"","meta":{"footnotes":""},"class_list":["post-464","page","type-page","status-publish","hentry"],"yoast_head":"<!-- This site is optimized with the Yoast SEO plugin v26.5 - https:\/\/yoast.com\/wordpress\/plugins\/seo\/ -->\n<title>L&#039;atelier - Atelier MH<\/title>\n<meta name=\"robots\" content=\"index, follow, max-snippet:-1, max-image-preview:large, max-video-preview:-1\" \/>\n<link rel=\"canonical\" href=\"https:\/\/ateliermh.fr\/?page_id=464\" \/>\n<meta property=\"og:locale\" content=\"fr_FR\" \/>\n<meta property=\"og:type\" content=\"article\" \/>\n<meta property=\"og:title\" content=\"L&#039;atelier - Atelier MH\" \/>\n<meta property=\"og:description\" content=\"A propos de l&rsquo;atelier Situ\u00e9 \u00e0 Saint-Dizier en Haute-Marne (52), l&rsquo;atelier vous propose des prestations de conservation-restauration de peintures. J&rsquo;interviens sur divers supports : toile, bois, mural, carton, papier et cuivre. Il est possible de faire restaurer des oeuvres allant du 15e \u00e0 la peinture moderne et contemporaine. Je vous propose des devis rapides, complets avec des photographies d\u00e9taill\u00e9es des diverses interventions \u00e0 r\u00e9aliser. Possibilit\u00e9 d&rsquo;un d\u00e9placement si n\u00e9cessaire sur demande. Les prestations sont faites en fonction de vos besoins, amenant si besoin \u00e0 une \u00e9tude pr\u00e9liminaire et \u00e0 un constat d&rsquo;\u00e9tat. Un rapport de restauration peut \u00eatre r\u00e9alis\u00e9 sur demande. Les chantiers in situe sont \u00e9galement possible. Ouvert uniquement sur rendez-vous\" \/>\n<meta property=\"og:url\" content=\"https:\/\/ateliermh.fr\/?page_id=464\" \/>\n<meta property=\"og:site_name\" content=\"Atelier MH\" \/>\n<meta property=\"article:publisher\" content=\"https:\/\/www.facebook.com\/AtelierMH52\/\" \/>\n<meta property=\"article:modified_time\" content=\"2025-12-13T10:00:05+00:00\" \/>\n<meta property=\"og:image\" content=\"https:\/\/ateliermh.fr\/wp-content\/uploads\/2024\/01\/seance-atelier-azigae-1-Grande.jpeg\" \/>\n\t<meta property=\"og:image:width\" content=\"1280\" \/>\n\t<meta property=\"og:image:height\" content=\"720\" \/>\n\t<meta property=\"og:image:type\" content=\"image\/jpeg\" \/>\n<meta name=\"twitter:card\" content=\"summary_large_image\" \/>\n<meta name=\"twitter:label1\" content=\"Dur\u00e9e de lecture estim\u00e9e\" \/>\n\t<meta name=\"twitter:data1\" content=\"1 minute\" \/>\n<script type=\"application\/ld+json\" class=\"yoast-schema-graph\">{\"@context\":\"https:\/\/schema.org\",\"@graph\":[{\"@type\":\"WebPage\",\"@id\":\"https:\/\/ateliermh.fr\/?page_id=464\",\"url\":\"https:\/\/ateliermh.fr\/?page_id=464\",\"name\":\"L'atelier - Atelier MH\",\"isPartOf\":{\"@id\":\"https:\/\/ateliermh.fr\/#website\"},\"primaryImageOfPage\":{\"@id\":\"https:\/\/ateliermh.fr\/?page_id=464#primaryimage\"},\"image\":{\"@id\":\"https:\/\/ateliermh.fr\/?page_id=464#primaryimage\"},\"thumbnailUrl\":\"https:\/\/ateliermh.fr\/wp-content\/uploads\/2024\/01\/seance-atelier-azigae-1-Grande-1024x576.jpeg\",\"datePublished\":\"2023-07-17T19:02:37+00:00\",\"dateModified\":\"2025-12-13T10:00:05+00:00\",\"breadcrumb\":{\"@id\":\"https:\/\/ateliermh.fr\/?page_id=464#breadcrumb\"},\"inLanguage\":\"fr-FR\",\"potentialAction\":[{\"@type\":\"ReadAction\",\"target\":[\"https:\/\/ateliermh.fr\/?page_id=464\"]}]},{\"@type\":\"ImageObject\",\"inLanguage\":\"fr-FR\",\"@id\":\"https:\/\/ateliermh.fr\/?page_id=464#primaryimage\",\"url\":\"https:\/\/ateliermh.fr\/wp-content\/uploads\/2024\/01\/seance-atelier-azigae-1-Grande.jpeg\",\"contentUrl\":\"https:\/\/ateliermh.fr\/wp-content\/uploads\/2024\/01\/seance-atelier-azigae-1-Grande.jpeg\",\"width\":1280,\"height\":720},{\"@type\":\"BreadcrumbList\",\"@id\":\"https:\/\/ateliermh.fr\/?page_id=464#breadcrumb\",\"itemListElement\":[{\"@type\":\"ListItem\",\"position\":1,\"name\":\"Accueil\",\"item\":\"https:\/\/ateliermh.fr\/\"},{\"@type\":\"ListItem\",\"position\":2,\"name\":\"Approche de la restauration\",\"item\":\"https:\/\/ateliermh.fr\/?page_id=91\"},{\"@type\":\"ListItem\",\"position\":3,\"name\":\"L&rsquo;atelier\"}]},{\"@type\":\"WebSite\",\"@id\":\"https:\/\/ateliermh.fr\/#website\",\"url\":\"https:\/\/ateliermh.fr\/\",\"name\":\"Atelier MH\",\"description\":\"Conservation Restauration de tableaux\",\"publisher\":{\"@id\":\"https:\/\/ateliermh.fr\/#organization\"},\"potentialAction\":[{\"@type\":\"SearchAction\",\"target\":{\"@type\":\"EntryPoint\",\"urlTemplate\":\"https:\/\/ateliermh.fr\/?s={search_term_string}\"},\"query-input\":{\"@type\":\"PropertyValueSpecification\",\"valueRequired\":true,\"valueName\":\"search_term_string\"}}],\"inLanguage\":\"fr-FR\"},{\"@type\":\"Organization\",\"@id\":\"https:\/\/ateliermh.fr\/#organization\",\"name\":\"Atelier MH\",\"url\":\"https:\/\/ateliermh.fr\/\",\"logo\":{\"@type\":\"ImageObject\",\"inLanguage\":\"fr-FR\",\"@id\":\"https:\/\/ateliermh.fr\/#\/schema\/logo\/image\/\",\"url\":\"https:\/\/ateliermh.fr\/wp-content\/uploads\/2023\/10\/cropped-Logo-secondaire.jpg\",\"contentUrl\":\"https:\/\/ateliermh.fr\/wp-content\/uploads\/2023\/10\/cropped-Logo-secondaire.jpg\",\"width\":407,\"height\":407,\"caption\":\"Atelier MH\"},\"image\":{\"@id\":\"https:\/\/ateliermh.fr\/#\/schema\/logo\/image\/\"},\"sameAs\":[\"https:\/\/www.facebook.com\/AtelierMH52\/\"]}]}<\/script>\n<!-- \/ Yoast SEO plugin. -->","yoast_head_json":{"title":"L'atelier - Atelier MH","robots":{"index":"index","follow":"follow","max-snippet":"max-snippet:-1","max-image-preview":"max-image-preview:large","max-video-preview":"max-video-preview:-1"},"canonical":"https:\/\/ateliermh.fr\/?page_id=464","og_locale":"fr_FR","og_type":"article","og_title":"L'atelier - Atelier MH","og_description":"A propos de l&rsquo;atelier Situ\u00e9 \u00e0 Saint-Dizier en Haute-Marne (52), l&rsquo;atelier vous propose des prestations de conservation-restauration de peintures. J&rsquo;interviens sur divers supports : toile, bois, mural, carton, papier et cuivre. Il est possible de faire restaurer des oeuvres allant du 15e \u00e0 la peinture moderne et contemporaine. Je vous propose des devis rapides, complets avec des photographies d\u00e9taill\u00e9es des diverses interventions \u00e0 r\u00e9aliser. Possibilit\u00e9 d&rsquo;un d\u00e9placement si n\u00e9cessaire sur demande. Les prestations sont faites en fonction de vos besoins, amenant si besoin \u00e0 une \u00e9tude pr\u00e9liminaire et \u00e0 un constat d&rsquo;\u00e9tat. Un rapport de restauration peut \u00eatre r\u00e9alis\u00e9 sur demande. Les chantiers in situe sont \u00e9galement possible. Ouvert uniquement sur rendez-vous","og_url":"https:\/\/ateliermh.fr\/?page_id=464","og_site_name":"Atelier MH","article_publisher":"https:\/\/www.facebook.com\/AtelierMH52\/","article_modified_time":"2025-12-13T10:00:05+00:00","og_image":[{"width":1280,"height":720,"url":"https:\/\/ateliermh.fr\/wp-content\/uploads\/2024\/01\/seance-atelier-azigae-1-Grande.jpeg","type":"image\/jpeg"}],"twitter_card":"summary_large_image","twitter_misc":{"Dur\u00e9e de lecture estim\u00e9e":"1 minute"},"schema":{"@context":"https:\/\/schema.org","@graph":[{"@type":"WebPage","@id":"https:\/\/ateliermh.fr\/?page_id=464","url":"https:\/\/ateliermh.fr\/?page_id=464","name":"L'atelier - Atelier MH","isPartOf":{"@id":"https:\/\/ateliermh.fr\/#website"},"primaryImageOfPage":{"@id":"https:\/\/ateliermh.fr\/?page_id=464#primaryimage"},"image":{"@id":"https:\/\/ateliermh.fr\/?page_id=464#primaryimage"},"thumbnailUrl":"https:\/\/ateliermh.fr\/wp-content\/uploads\/2024\/01\/seance-atelier-azigae-1-Grande-1024x576.jpeg","datePublished":"2023-07-17T19:02:37+00:00","dateModified":"2025-12-13T10:00:05+00:00","breadcrumb":{"@id":"https:\/\/ateliermh.fr\/?page_id=464#breadcrumb"},"inLanguage":"fr-FR","potentialAction":[{"@type":"ReadAction","target":["https:\/\/ateliermh.fr\/?page_id=464"]}]},{"@type":"ImageObject","inLanguage":"fr-FR","@id":"https:\/\/ateliermh.fr\/?page_id=464#primaryimage","url":"https:\/\/ateliermh.fr\/wp-content\/uploads\/2024\/01\/seance-atelier-azigae-1-Grande.jpeg","contentUrl":"https:\/\/ateliermh.fr\/wp-content\/uploads\/2024\/01\/seance-atelier-azigae-1-Grande.jpeg","width":1280,"height":720},{"@type":"BreadcrumbList","@id":"https:\/\/ateliermh.fr\/?page_id=464#breadcrumb","itemListElement":[{"@type":"ListItem","position":1,"name":"Accueil","item":"https:\/\/ateliermh.fr\/"},{"@type":"ListItem","position":2,"name":"Approche de la restauration","item":"https:\/\/ateliermh.fr\/?page_id=91"},{"@type":"ListItem","position":3,"name":"L&rsquo;atelier"}]},{"@type":"WebSite","@id":"https:\/\/ateliermh.fr\/#website","url":"https:\/\/ateliermh.fr\/","name":"Atelier MH","description":"Conservation Restauration de tableaux","publisher":{"@id":"https:\/\/ateliermh.fr\/#organization"},"potentialAction":[{"@type":"SearchAction","target":{"@type":"EntryPoint","urlTemplate":"https:\/\/ateliermh.fr\/?s={search_term_string}"},"query-input":{"@type":"PropertyValueSpecification","valueRequired":true,"valueName":"search_term_string"}}],"inLanguage":"fr-FR"},{"@type":"Organization","@id":"https:\/\/ateliermh.fr\/#organization","name":"Atelier MH","url":"https:\/\/ateliermh.fr\/","logo":{"@type":"ImageObject","inLanguage":"fr-FR","@id":"https:\/\/ateliermh.fr\/#\/schema\/logo\/image\/","url":"https:\/\/ateliermh.fr\/wp-content\/uploads\/2023\/10\/cropped-Logo-secondaire.jpg","contentUrl":"https:\/\/ateliermh.fr\/wp-content\/uploads\/2023\/10\/cropped-Logo-secondaire.jpg","width":407,"height":407,"caption":"Atelier MH"},"image":{"@id":"https:\/\/ateliermh.fr\/#\/schema\/logo\/image\/"},"sameAs":["https:\/\/www.facebook.com\/AtelierMH52\/"]}]}},"_links":{"self":[{"href":"https:\/\/ateliermh.fr\/index.php?rest_route=\/wp\/v2\/pages\/464","targetHints":{"allow":["GET"]}}],"collection":[{"href":"https:\/\/ateliermh.fr\/index.php?rest_route=\/wp\/v2\/pages"}],"about":[{"href":"https:\/\/ateliermh.fr\/index.php?rest_route=\/wp\/v2\/types\/page"}],"author":[{"embeddable":true,"href":"https:\/\/ateliermh.fr\/index.php?rest_route=\/wp\/v2\/users\/1"}],"replies":[{"embeddable":true,"href":"https:\/\/ateliermh.fr\/index.php?rest_route=%2Fwp%2Fv2%2Fcomments&post=464"}],"version-history":[{"count":0,"href":"https:\/\/ateliermh.fr\/index.php?rest_route=\/wp\/v2\/pages\/464\/revisions"}],"up":[{"embeddable":true,"href":"https:\/\/ateliermh.fr\/index.php?rest_route=\/wp\/v2\/pages\/91"}],"wp:attachment":[{"href":"https:\/\/ateliermh.fr\/index.php?rest_route=%2Fwp%2Fv2%2Fmedia&parent=464"}],"curies":[{"name":"wp","href":"https:\/\/api.w.org\/{rel}","templated":true}]}}