{"id":36,"date":"2023-03-15T22:18:23","date_gmt":"2023-03-15T21:18:23","guid":{"rendered":"https:\/\/ateliermh.fr\/?page_id=36"},"modified":"2026-01-29T19:23:52","modified_gmt":"2026-01-29T18:23:52","slug":"conservation-restauration","status":"publish","type":"page","link":"https:\/\/ateliermh.fr\/?page_id=36","title":{"rendered":"Conservation-Restauration"},"content":{"rendered":"\n<div style=\"height:69px\" aria-hidden=\"true\" class=\"wp-block-spacer\"><\/div>\n\n\n\n<div class=\"wp-block-media-text alignwide has-media-on-the-right is-stacked-on-mobile is-vertically-aligned-center\" style=\"grid-template-columns:auto 26%\"><div class=\"wp-block-media-text__content\">\n<p>L\u2019atelier restaure des tableaux de toute \u00e9poque, sur support toile, bois ou cuivre. Il est avant tout important de leur restituer leur int\u00e9grit\u00e9 sans occulter le travail de l&rsquo;artiste.<\/p>\n\n\n\n<p>Trois \u00e9l\u00e9ments sont essentiels dans une restauration&nbsp;:<\/p>\n\n\n\n<ul class=\"wp-block-list\">\n<li><strong>Mat\u00e9rialit\u00e9 :<\/strong> l&rsquo;\u00e9tat de conservation et la n\u00e9cessit\u00e9 de traitements d&rsquo;une oeuvre <\/li>\n\n\n\n<li><strong>Historique :<\/strong> se rapprocher au plus pr\u00e8s de l\u2019aspect d\u2019origine lors de la restauration <\/li>\n\n\n\n<li><strong>Esth\u00e9tique :<\/strong> retrouver la lisibilit\u00e9, avoir une reconstruction visuelle et une mise en lumi\u00e8re d\u2019\u00e9l\u00e9ments occult\u00e9s par le temps et les pr\u00e9c\u00e9dentes restaurations<\/li>\n<\/ul>\n\n\n\n<p> Des connaissances techniques, scientifiques et historiques sont certes n\u00e9cessaires mais il est \u00e9galement important de comprendre la sensibilit\u00e9 de chaque peintre.  L&rsquo;ensemble des mat\u00e9riaux d&rsquo;un tableau pr\u00e9sente une r\u00e9sistance plus ou moins importante en fonction de leur composition (les mat\u00e9riaux ou les m\u00e9thodes utilis\u00e9es par l&rsquo;artiste), des multiples manipulations, ou de leurs conditions de conservation. <br>Un tableau subit les al\u00e9as du temps, mais les alt\u00e9rations qui le composent ne sont pas forc\u00e9ment dues \u00e0 des accidents (ex : les craquelures pr\u00e9matur\u00e9es, le jaunissement du vernis &#8230;)<\/p>\n<\/div><figure class=\"wp-block-media-text__media\"><img fetchpriority=\"high\" decoding=\"async\" width=\"682\" height=\"1024\" src=\"https:\/\/ateliermh.fr\/wp-content\/uploads\/2024\/01\/seance-atelier-azigae-b-9-Grande-682x1024.jpeg\" alt=\"\" class=\"wp-image-861 size-full\" srcset=\"https:\/\/ateliermh.fr\/wp-content\/uploads\/2024\/01\/seance-atelier-azigae-b-9-Grande-682x1024.jpeg 682w, https:\/\/ateliermh.fr\/wp-content\/uploads\/2024\/01\/seance-atelier-azigae-b-9-Grande-200x300.jpeg 200w, https:\/\/ateliermh.fr\/wp-content\/uploads\/2024\/01\/seance-atelier-azigae-b-9-Grande-768x1152.jpeg 768w, https:\/\/ateliermh.fr\/wp-content\/uploads\/2024\/01\/seance-atelier-azigae-b-9-Grande.jpeg 853w\" sizes=\"(max-width: 682px) 100vw, 682px\" \/><\/figure><\/div>\n\n\n\n<p><\/p>\n\n\n\n<div style=\"height:45px\" aria-hidden=\"true\" class=\"wp-block-spacer\"><\/div>\n\n\n\n<h4 class=\"wp-block-heading\"><strong>Conseil en conservation et conservation pr\u00e9ventive<\/strong><\/h4>\n\n\n\n<p>La conservation permet de r\u00e9aliser de mani\u00e8re urgente ou non, une stabilisation des oeuvres, des poses de protections ou m\u00eame un conditionnement pour le transport. Il est possible de r\u00e9aliser un inventaire uniquement sur demande. <\/p>\n\n\n\n<p><\/p>\n\n\n\n<p><\/p>\n","protected":false},"excerpt":{"rendered":"<p>Conseil en conservation et conservation pr\u00e9ventive La conservation permet de r\u00e9aliser de mani\u00e8re urgente ou non, une stabilisation des oeuvres, des poses de protections ou m\u00eame un conditionnement pour le transport. Il est possible de r\u00e9aliser un inventaire uniquement sur demande.<\/p>\n","protected":false},"author":1,"featured_media":0,"parent":85,"menu_order":0,"comment_status":"closed","ping_status":"closed","template":"","meta":{"footnotes":""},"class_list":["post-36","page","type-page","status-publish","hentry"],"yoast_head":"<!-- This site is optimized with the Yoast SEO plugin v26.5 - https:\/\/yoast.com\/wordpress\/plugins\/seo\/ -->\n<title>Conservation-Restauration - Atelier MH<\/title>\n<meta name=\"description\" content=\"Approches et m\u00e9thodes de traitements lors d&#039;interventions sur les \u0153uvres.\" \/>\n<meta name=\"robots\" content=\"index, follow, max-snippet:-1, max-image-preview:large, max-video-preview:-1\" \/>\n<link rel=\"canonical\" href=\"https:\/\/ateliermh.fr\/?page_id=36\" \/>\n<meta property=\"og:locale\" content=\"fr_FR\" \/>\n<meta property=\"og:type\" content=\"article\" \/>\n<meta property=\"og:title\" content=\"Conservation-Restauration - Atelier MH\" \/>\n<meta property=\"og:description\" content=\"Approches et m\u00e9thodes de traitements lors d&#039;interventions sur les \u0153uvres.\" \/>\n<meta property=\"og:url\" content=\"https:\/\/ateliermh.fr\/?page_id=36\" \/>\n<meta property=\"og:site_name\" content=\"Atelier MH\" \/>\n<meta property=\"article:publisher\" content=\"https:\/\/www.facebook.com\/AtelierMH52\/\" \/>\n<meta property=\"article:modified_time\" content=\"2026-01-29T18:23:52+00:00\" \/>\n<meta property=\"og:image\" content=\"https:\/\/ateliermh.fr\/wp-content\/uploads\/2024\/01\/seance-atelier-azigae-b-9-Grande.jpeg\" \/>\n\t<meta property=\"og:image:width\" content=\"853\" \/>\n\t<meta property=\"og:image:height\" content=\"1280\" \/>\n\t<meta property=\"og:image:type\" content=\"image\/jpeg\" \/>\n<meta name=\"twitter:card\" content=\"summary_large_image\" \/>\n<meta name=\"twitter:label1\" content=\"Dur\u00e9e de lecture estim\u00e9e\" \/>\n\t<meta name=\"twitter:data1\" content=\"2 minutes\" \/>\n<script type=\"application\/ld+json\" class=\"yoast-schema-graph\">{\"@context\":\"https:\/\/schema.org\",\"@graph\":[{\"@type\":\"WebPage\",\"@id\":\"https:\/\/ateliermh.fr\/?page_id=36\",\"url\":\"https:\/\/ateliermh.fr\/?page_id=36\",\"name\":\"Conservation-Restauration - Atelier MH\",\"isPartOf\":{\"@id\":\"https:\/\/ateliermh.fr\/#website\"},\"primaryImageOfPage\":{\"@id\":\"https:\/\/ateliermh.fr\/?page_id=36#primaryimage\"},\"image\":{\"@id\":\"https:\/\/ateliermh.fr\/?page_id=36#primaryimage\"},\"thumbnailUrl\":\"https:\/\/ateliermh.fr\/wp-content\/uploads\/2024\/01\/seance-atelier-azigae-b-9-Grande-682x1024.jpeg\",\"datePublished\":\"2023-03-15T21:18:23+00:00\",\"dateModified\":\"2026-01-29T18:23:52+00:00\",\"description\":\"Approches et m\u00e9thodes de traitements lors d'interventions sur les \u0153uvres.\",\"breadcrumb\":{\"@id\":\"https:\/\/ateliermh.fr\/?page_id=36#breadcrumb\"},\"inLanguage\":\"fr-FR\",\"potentialAction\":[{\"@type\":\"ReadAction\",\"target\":[\"https:\/\/ateliermh.fr\/?page_id=36\"]}]},{\"@type\":\"ImageObject\",\"inLanguage\":\"fr-FR\",\"@id\":\"https:\/\/ateliermh.fr\/?page_id=36#primaryimage\",\"url\":\"https:\/\/ateliermh.fr\/wp-content\/uploads\/2024\/01\/seance-atelier-azigae-b-9-Grande.jpeg\",\"contentUrl\":\"https:\/\/ateliermh.fr\/wp-content\/uploads\/2024\/01\/seance-atelier-azigae-b-9-Grande.jpeg\",\"width\":853,\"height\":1280},{\"@type\":\"BreadcrumbList\",\"@id\":\"https:\/\/ateliermh.fr\/?page_id=36#breadcrumb\",\"itemListElement\":[{\"@type\":\"ListItem\",\"position\":1,\"name\":\"Accueil\",\"item\":\"https:\/\/ateliermh.fr\/\"},{\"@type\":\"ListItem\",\"position\":2,\"name\":\"Constat d&rsquo;\u00e9tat et diagnostic\",\"item\":\"https:\/\/ateliermh.fr\/?page_id=85\"},{\"@type\":\"ListItem\",\"position\":3,\"name\":\"Conservation-Restauration\"}]},{\"@type\":\"WebSite\",\"@id\":\"https:\/\/ateliermh.fr\/#website\",\"url\":\"https:\/\/ateliermh.fr\/\",\"name\":\"Atelier MH\",\"description\":\"Conservation Restauration de tableaux\",\"publisher\":{\"@id\":\"https:\/\/ateliermh.fr\/#organization\"},\"potentialAction\":[{\"@type\":\"SearchAction\",\"target\":{\"@type\":\"EntryPoint\",\"urlTemplate\":\"https:\/\/ateliermh.fr\/?s={search_term_string}\"},\"query-input\":{\"@type\":\"PropertyValueSpecification\",\"valueRequired\":true,\"valueName\":\"search_term_string\"}}],\"inLanguage\":\"fr-FR\"},{\"@type\":\"Organization\",\"@id\":\"https:\/\/ateliermh.fr\/#organization\",\"name\":\"Atelier MH\",\"url\":\"https:\/\/ateliermh.fr\/\",\"logo\":{\"@type\":\"ImageObject\",\"inLanguage\":\"fr-FR\",\"@id\":\"https:\/\/ateliermh.fr\/#\/schema\/logo\/image\/\",\"url\":\"https:\/\/ateliermh.fr\/wp-content\/uploads\/2023\/10\/cropped-Logo-secondaire.jpg\",\"contentUrl\":\"https:\/\/ateliermh.fr\/wp-content\/uploads\/2023\/10\/cropped-Logo-secondaire.jpg\",\"width\":407,\"height\":407,\"caption\":\"Atelier MH\"},\"image\":{\"@id\":\"https:\/\/ateliermh.fr\/#\/schema\/logo\/image\/\"},\"sameAs\":[\"https:\/\/www.facebook.com\/AtelierMH52\/\"]}]}<\/script>\n<!-- \/ Yoast SEO plugin. -->","yoast_head_json":{"title":"Conservation-Restauration - Atelier MH","description":"Approches et m\u00e9thodes de traitements lors d'interventions sur les \u0153uvres.","robots":{"index":"index","follow":"follow","max-snippet":"max-snippet:-1","max-image-preview":"max-image-preview:large","max-video-preview":"max-video-preview:-1"},"canonical":"https:\/\/ateliermh.fr\/?page_id=36","og_locale":"fr_FR","og_type":"article","og_title":"Conservation-Restauration - Atelier MH","og_description":"Approches et m\u00e9thodes de traitements lors d'interventions sur les \u0153uvres.","og_url":"https:\/\/ateliermh.fr\/?page_id=36","og_site_name":"Atelier MH","article_publisher":"https:\/\/www.facebook.com\/AtelierMH52\/","article_modified_time":"2026-01-29T18:23:52+00:00","og_image":[{"width":853,"height":1280,"url":"https:\/\/ateliermh.fr\/wp-content\/uploads\/2024\/01\/seance-atelier-azigae-b-9-Grande.jpeg","type":"image\/jpeg"}],"twitter_card":"summary_large_image","twitter_misc":{"Dur\u00e9e de lecture estim\u00e9e":"2 minutes"},"schema":{"@context":"https:\/\/schema.org","@graph":[{"@type":"WebPage","@id":"https:\/\/ateliermh.fr\/?page_id=36","url":"https:\/\/ateliermh.fr\/?page_id=36","name":"Conservation-Restauration - Atelier MH","isPartOf":{"@id":"https:\/\/ateliermh.fr\/#website"},"primaryImageOfPage":{"@id":"https:\/\/ateliermh.fr\/?page_id=36#primaryimage"},"image":{"@id":"https:\/\/ateliermh.fr\/?page_id=36#primaryimage"},"thumbnailUrl":"https:\/\/ateliermh.fr\/wp-content\/uploads\/2024\/01\/seance-atelier-azigae-b-9-Grande-682x1024.jpeg","datePublished":"2023-03-15T21:18:23+00:00","dateModified":"2026-01-29T18:23:52+00:00","description":"Approches et m\u00e9thodes de traitements lors d'interventions sur les \u0153uvres.","breadcrumb":{"@id":"https:\/\/ateliermh.fr\/?page_id=36#breadcrumb"},"inLanguage":"fr-FR","potentialAction":[{"@type":"ReadAction","target":["https:\/\/ateliermh.fr\/?page_id=36"]}]},{"@type":"ImageObject","inLanguage":"fr-FR","@id":"https:\/\/ateliermh.fr\/?page_id=36#primaryimage","url":"https:\/\/ateliermh.fr\/wp-content\/uploads\/2024\/01\/seance-atelier-azigae-b-9-Grande.jpeg","contentUrl":"https:\/\/ateliermh.fr\/wp-content\/uploads\/2024\/01\/seance-atelier-azigae-b-9-Grande.jpeg","width":853,"height":1280},{"@type":"BreadcrumbList","@id":"https:\/\/ateliermh.fr\/?page_id=36#breadcrumb","itemListElement":[{"@type":"ListItem","position":1,"name":"Accueil","item":"https:\/\/ateliermh.fr\/"},{"@type":"ListItem","position":2,"name":"Constat d&rsquo;\u00e9tat et diagnostic","item":"https:\/\/ateliermh.fr\/?page_id=85"},{"@type":"ListItem","position":3,"name":"Conservation-Restauration"}]},{"@type":"WebSite","@id":"https:\/\/ateliermh.fr\/#website","url":"https:\/\/ateliermh.fr\/","name":"Atelier MH","description":"Conservation Restauration de tableaux","publisher":{"@id":"https:\/\/ateliermh.fr\/#organization"},"potentialAction":[{"@type":"SearchAction","target":{"@type":"EntryPoint","urlTemplate":"https:\/\/ateliermh.fr\/?s={search_term_string}"},"query-input":{"@type":"PropertyValueSpecification","valueRequired":true,"valueName":"search_term_string"}}],"inLanguage":"fr-FR"},{"@type":"Organization","@id":"https:\/\/ateliermh.fr\/#organization","name":"Atelier MH","url":"https:\/\/ateliermh.fr\/","logo":{"@type":"ImageObject","inLanguage":"fr-FR","@id":"https:\/\/ateliermh.fr\/#\/schema\/logo\/image\/","url":"https:\/\/ateliermh.fr\/wp-content\/uploads\/2023\/10\/cropped-Logo-secondaire.jpg","contentUrl":"https:\/\/ateliermh.fr\/wp-content\/uploads\/2023\/10\/cropped-Logo-secondaire.jpg","width":407,"height":407,"caption":"Atelier MH"},"image":{"@id":"https:\/\/ateliermh.fr\/#\/schema\/logo\/image\/"},"sameAs":["https:\/\/www.facebook.com\/AtelierMH52\/"]}]}},"_links":{"self":[{"href":"https:\/\/ateliermh.fr\/index.php?rest_route=\/wp\/v2\/pages\/36","targetHints":{"allow":["GET"]}}],"collection":[{"href":"https:\/\/ateliermh.fr\/index.php?rest_route=\/wp\/v2\/pages"}],"about":[{"href":"https:\/\/ateliermh.fr\/index.php?rest_route=\/wp\/v2\/types\/page"}],"author":[{"embeddable":true,"href":"https:\/\/ateliermh.fr\/index.php?rest_route=\/wp\/v2\/users\/1"}],"replies":[{"embeddable":true,"href":"https:\/\/ateliermh.fr\/index.php?rest_route=%2Fwp%2Fv2%2Fcomments&post=36"}],"version-history":[{"count":1,"href":"https:\/\/ateliermh.fr\/index.php?rest_route=\/wp\/v2\/pages\/36\/revisions"}],"predecessor-version":[{"id":976,"href":"https:\/\/ateliermh.fr\/index.php?rest_route=\/wp\/v2\/pages\/36\/revisions\/976"}],"up":[{"embeddable":true,"href":"https:\/\/ateliermh.fr\/index.php?rest_route=\/wp\/v2\/pages\/85"}],"wp:attachment":[{"href":"https:\/\/ateliermh.fr\/index.php?rest_route=%2Fwp%2Fv2%2Fmedia&parent=36"}],"curies":[{"name":"wp","href":"https:\/\/api.w.org\/{rel}","templated":true}]}}