{"id":12,"date":"2023-03-15T21:18:16","date_gmt":"2023-03-15T20:18:16","guid":{"rendered":"https:\/\/ateliermh.fr\/?page_id=12"},"modified":"2025-12-13T10:59:53","modified_gmt":"2025-12-13T09:59:53","slug":"a-propos-de-latelier","status":"publish","type":"page","link":"https:\/\/ateliermh.fr\/?page_id=12","title":{"rendered":"La restauratrice"},"content":{"rendered":"\n<div style=\"height:50px\" aria-hidden=\"true\" class=\"wp-block-spacer\"><\/div>\n\n\n\n<div class=\"wp-block-columns is-layout-flex wp-container-core-columns-is-layout-28f84493 wp-block-columns-is-layout-flex\">\n<div class=\"wp-block-column is-layout-flow wp-block-column-is-layout-flow\" style=\"flex-basis:66.66%\">\n<p><\/p>\n\n\n\n<div style=\"height:60px\" aria-hidden=\"true\" class=\"wp-block-spacer\"><\/div>\n\n\n\n<p class=\"has-drop-cap\"><em>Passionn\u00e9e d\u2019art et de patrimoine, j\u2019ai toujours \u00e9t\u00e9 consciente de l\u2019importance de sa pr\u00e9servation.<\/em> <\/p>\n\n\n\n<p style=\"font-style:normal;font-weight:400\"><em>&nbsp;Je suis dipl\u00f4m\u00e9e d&rsquo;un Master II en conservation-Restauration du patrimoine, de niveau VI, sp\u00e9cialis\u00e9 en peinture de chevalet \u00e0 l&rsquo;\u00e9cole de Cond\u00e9 en 2021.<br>Lors de ma formation, j\u2019ai travaill\u00e9 dans divers mus\u00e9es et ateliers en Angleterre, Pays-Bas et France.&nbsp;<br>Par la suite, laur\u00e9ate au Prix de Perfectionnement \u00e0 la ville de Paris, je continue mon apprentissage pendant un an aux c\u00f4t\u00e9s de Catherine Polnecq et de Alain Lepavec, respectivement restauratrice de couche picturale et rentoileur.&nbsp;<\/em><\/p>\n\n\n\n<p><em>En 2022, j\u2019ouvre mon propre atelier de restauration et je travaille pour des particuliers, des collectionneurs, des antiquaires, des collectivit\u00e9s\u2026<\/em><\/p>\n\n\n\n<p><em>J\u2019ai \u00e0 coeur de redonner \u00e0 chaque tableau son authenticit\u00e9 et son histoire<\/em>.<\/p>\n<\/div>\n\n\n\n<div class=\"wp-block-column is-layout-flow wp-block-column-is-layout-flow\" style=\"flex-basis:33.33%\">\n<figure class=\"wp-block-gallery has-nested-images columns-default is-cropped wp-block-gallery-1 is-layout-flex wp-block-gallery-is-layout-flex\">\n<figure class=\"wp-block-image size-large\"><img fetchpriority=\"high\" decoding=\"async\" width=\"682\" height=\"1024\" data-id=\"832\" src=\"https:\/\/ateliermh.fr\/wp-content\/uploads\/2024\/01\/seance-atelier-azigae-9-Grande-682x1024.jpeg\" alt=\"\" class=\"wp-image-832\" srcset=\"https:\/\/ateliermh.fr\/wp-content\/uploads\/2024\/01\/seance-atelier-azigae-9-Grande-682x1024.jpeg 682w, https:\/\/ateliermh.fr\/wp-content\/uploads\/2024\/01\/seance-atelier-azigae-9-Grande-200x300.jpeg 200w, https:\/\/ateliermh.fr\/wp-content\/uploads\/2024\/01\/seance-atelier-azigae-9-Grande-768x1152.jpeg 768w, https:\/\/ateliermh.fr\/wp-content\/uploads\/2024\/01\/seance-atelier-azigae-9-Grande.jpeg 853w\" sizes=\"(max-width: 682px) 100vw, 682px\" \/><\/figure>\n<\/figure>\n<\/div>\n<\/div>\n\n\n\n<div style=\"height:46px\" aria-hidden=\"true\" class=\"wp-block-spacer\"><\/div>\n\n\n\n<div class=\"wp-block-columns is-layout-flex wp-container-core-columns-is-layout-28f84493 wp-block-columns-is-layout-flex\">\n<div class=\"wp-block-column is-layout-flow wp-block-column-is-layout-flow\">\n<h4 class=\"wp-block-heading\"><strong><span style=\"text-decoration: underline;\">Parcourt<\/span> <\/strong><\/h4>\n\n\n\n<p>Dipl\u00f4mes :<br>&#8211; Formation de 5 ans \u00e0 l\u2019\u00e9cole de Cond\u00e9 Paris<br>&#8211; Dipl\u00f4me d\u2019un Master II Conservation-Restauration du patrimoine, sp\u00e9cialit\u00e9 peinture de chevalet<\/p>\n\n\n\n<p>Distinction :<br>&#8211; Laur\u00e9ate du prix de perfectionnement par les Ateliers de Paris en 2021 <br><\/p>\n<\/div>\n\n\n\n<div class=\"wp-block-column is-vertically-aligned-top is-layout-flow wp-block-column-is-layout-flow\">\n<h4 class=\"wp-block-heading\"><strong><span style=\"text-decoration: underline;\">R\u00e9f\u00e9rences<\/span> <\/strong><\/h4>\n\n\n\n<ul class=\"wp-block-list\">\n<li>Atelier Catherine Polnecq &#8211; Paris<\/li>\n\n\n\n<li>Compagnie Plowden&amp;Smith &#8211; Londres<\/li>\n\n\n\n<li>Atelier BBV &#8211; Pays Bas<\/li>\n\n\n\n<li>Atelier Arcane &#8211; Paris<br><\/li>\n<\/ul>\n<\/div>\n<\/div>\n","protected":false},"excerpt":{"rendered":"<p>Passionn\u00e9e d\u2019art et de patrimoine, j\u2019ai toujours \u00e9t\u00e9 consciente de l\u2019importance de sa pr\u00e9servation. &nbsp;Je suis dipl\u00f4m\u00e9e d&rsquo;un Master II en conservation-Restauration du patrimoine, de niveau VI, sp\u00e9cialis\u00e9 en peinture de chevalet \u00e0 l&rsquo;\u00e9cole de Cond\u00e9 en 2021.Lors de ma formation, j\u2019ai travaill\u00e9 dans divers mus\u00e9es et ateliers en Angleterre, Pays-Bas et France.&nbsp;Par la suite, laur\u00e9ate au Prix de Perfectionnement \u00e0 la ville de Paris, je continue mon apprentissage pendant un an aux c\u00f4t\u00e9s de Catherine Polnecq et de Alain Lepavec, respectivement restauratrice de couche picturale et rentoileur.&nbsp; En 2022, j\u2019ouvre mon propre atelier de restauration et je travaille pour des particuliers, des collectionneurs, des antiquaires, des collectivit\u00e9s\u2026 J\u2019ai \u00e0 coeur de redonner \u00e0 chaque tableau son authenticit\u00e9 et son histoire. Parcourt Dipl\u00f4mes :&#8211; Formation de 5 ans \u00e0 l\u2019\u00e9cole de Cond\u00e9 Paris&#8211; Dipl\u00f4me d\u2019un Master II Conservation-Restauration du patrimoine, sp\u00e9cialit\u00e9 peinture de chevalet Distinction :&#8211; Laur\u00e9ate du prix de perfectionnement par les Ateliers de Paris en 2021 R\u00e9f\u00e9rences<\/p>\n","protected":false},"author":1,"featured_media":0,"parent":91,"menu_order":0,"comment_status":"closed","ping_status":"closed","template":"","meta":{"footnotes":""},"class_list":["post-12","page","type-page","status-publish","hentry"],"yoast_head":"<!-- This site is optimized with the Yoast SEO plugin v26.5 - https:\/\/yoast.com\/wordpress\/plugins\/seo\/ -->\n<title>La restauratrice - Atelier MH<\/title>\n<meta name=\"robots\" content=\"index, follow, max-snippet:-1, max-image-preview:large, max-video-preview:-1\" \/>\n<link rel=\"canonical\" href=\"https:\/\/ateliermh.fr\/?page_id=12\" \/>\n<meta property=\"og:locale\" content=\"fr_FR\" \/>\n<meta property=\"og:type\" content=\"article\" \/>\n<meta property=\"og:title\" content=\"La restauratrice - Atelier MH\" \/>\n<meta property=\"og:description\" content=\"Passionn\u00e9e d\u2019art et de patrimoine, j\u2019ai toujours \u00e9t\u00e9 consciente de l\u2019importance de sa pr\u00e9servation. &nbsp;Je suis dipl\u00f4m\u00e9e d&rsquo;un Master II en conservation-Restauration du patrimoine, de niveau VI, sp\u00e9cialis\u00e9 en peinture de chevalet \u00e0 l&rsquo;\u00e9cole de Cond\u00e9 en 2021.Lors de ma formation, j\u2019ai travaill\u00e9 dans divers mus\u00e9es et ateliers en Angleterre, Pays-Bas et France.&nbsp;Par la suite, laur\u00e9ate au Prix de Perfectionnement \u00e0 la ville de Paris, je continue mon apprentissage pendant un an aux c\u00f4t\u00e9s de Catherine Polnecq et de Alain Lepavec, respectivement restauratrice de couche picturale et rentoileur.&nbsp; En 2022, j\u2019ouvre mon propre atelier de restauration et je travaille pour des particuliers, des collectionneurs, des antiquaires, des collectivit\u00e9s\u2026 J\u2019ai \u00e0 coeur de redonner \u00e0 chaque tableau son authenticit\u00e9 et son histoire. Parcourt Dipl\u00f4mes :&#8211; Formation de 5 ans \u00e0 l\u2019\u00e9cole de Cond\u00e9 Paris&#8211; Dipl\u00f4me d\u2019un Master II Conservation-Restauration du patrimoine, sp\u00e9cialit\u00e9 peinture de chevalet Distinction :&#8211; Laur\u00e9ate du prix de perfectionnement par les Ateliers de Paris en 2021 R\u00e9f\u00e9rences\" \/>\n<meta property=\"og:url\" content=\"https:\/\/ateliermh.fr\/?page_id=12\" \/>\n<meta property=\"og:site_name\" content=\"Atelier MH\" \/>\n<meta property=\"article:publisher\" content=\"https:\/\/www.facebook.com\/AtelierMH52\/\" \/>\n<meta property=\"article:modified_time\" content=\"2025-12-13T09:59:53+00:00\" \/>\n<meta property=\"og:image\" content=\"https:\/\/ateliermh.fr\/wp-content\/uploads\/2024\/01\/seance-atelier-azigae-9-Grande.jpeg\" \/>\n\t<meta property=\"og:image:width\" content=\"853\" \/>\n\t<meta property=\"og:image:height\" content=\"1280\" \/>\n\t<meta property=\"og:image:type\" content=\"image\/jpeg\" \/>\n<meta name=\"twitter:card\" content=\"summary_large_image\" \/>\n<meta name=\"twitter:label1\" content=\"Dur\u00e9e de lecture estim\u00e9e\" \/>\n\t<meta name=\"twitter:data1\" content=\"1 minute\" \/>\n<script type=\"application\/ld+json\" class=\"yoast-schema-graph\">{\"@context\":\"https:\/\/schema.org\",\"@graph\":[{\"@type\":\"WebPage\",\"@id\":\"https:\/\/ateliermh.fr\/?page_id=12\",\"url\":\"https:\/\/ateliermh.fr\/?page_id=12\",\"name\":\"La restauratrice - Atelier MH\",\"isPartOf\":{\"@id\":\"https:\/\/ateliermh.fr\/#website\"},\"primaryImageOfPage\":{\"@id\":\"https:\/\/ateliermh.fr\/?page_id=12#primaryimage\"},\"image\":{\"@id\":\"https:\/\/ateliermh.fr\/?page_id=12#primaryimage\"},\"thumbnailUrl\":\"https:\/\/ateliermh.fr\/wp-content\/uploads\/2024\/01\/seance-atelier-azigae-9-Grande-682x1024.jpeg\",\"datePublished\":\"2023-03-15T20:18:16+00:00\",\"dateModified\":\"2025-12-13T09:59:53+00:00\",\"breadcrumb\":{\"@id\":\"https:\/\/ateliermh.fr\/?page_id=12#breadcrumb\"},\"inLanguage\":\"fr-FR\",\"potentialAction\":[{\"@type\":\"ReadAction\",\"target\":[\"https:\/\/ateliermh.fr\/?page_id=12\"]}]},{\"@type\":\"ImageObject\",\"inLanguage\":\"fr-FR\",\"@id\":\"https:\/\/ateliermh.fr\/?page_id=12#primaryimage\",\"url\":\"https:\/\/ateliermh.fr\/wp-content\/uploads\/2024\/01\/seance-atelier-azigae-9-Grande.jpeg\",\"contentUrl\":\"https:\/\/ateliermh.fr\/wp-content\/uploads\/2024\/01\/seance-atelier-azigae-9-Grande.jpeg\",\"width\":853,\"height\":1280},{\"@type\":\"BreadcrumbList\",\"@id\":\"https:\/\/ateliermh.fr\/?page_id=12#breadcrumb\",\"itemListElement\":[{\"@type\":\"ListItem\",\"position\":1,\"name\":\"Accueil\",\"item\":\"https:\/\/ateliermh.fr\/\"},{\"@type\":\"ListItem\",\"position\":2,\"name\":\"Approche de la restauration\",\"item\":\"https:\/\/ateliermh.fr\/?page_id=91\"},{\"@type\":\"ListItem\",\"position\":3,\"name\":\"La restauratrice\"}]},{\"@type\":\"WebSite\",\"@id\":\"https:\/\/ateliermh.fr\/#website\",\"url\":\"https:\/\/ateliermh.fr\/\",\"name\":\"Atelier MH\",\"description\":\"Conservation Restauration de tableaux\",\"publisher\":{\"@id\":\"https:\/\/ateliermh.fr\/#organization\"},\"potentialAction\":[{\"@type\":\"SearchAction\",\"target\":{\"@type\":\"EntryPoint\",\"urlTemplate\":\"https:\/\/ateliermh.fr\/?s={search_term_string}\"},\"query-input\":{\"@type\":\"PropertyValueSpecification\",\"valueRequired\":true,\"valueName\":\"search_term_string\"}}],\"inLanguage\":\"fr-FR\"},{\"@type\":\"Organization\",\"@id\":\"https:\/\/ateliermh.fr\/#organization\",\"name\":\"Atelier MH\",\"url\":\"https:\/\/ateliermh.fr\/\",\"logo\":{\"@type\":\"ImageObject\",\"inLanguage\":\"fr-FR\",\"@id\":\"https:\/\/ateliermh.fr\/#\/schema\/logo\/image\/\",\"url\":\"https:\/\/ateliermh.fr\/wp-content\/uploads\/2023\/10\/cropped-Logo-secondaire.jpg\",\"contentUrl\":\"https:\/\/ateliermh.fr\/wp-content\/uploads\/2023\/10\/cropped-Logo-secondaire.jpg\",\"width\":407,\"height\":407,\"caption\":\"Atelier MH\"},\"image\":{\"@id\":\"https:\/\/ateliermh.fr\/#\/schema\/logo\/image\/\"},\"sameAs\":[\"https:\/\/www.facebook.com\/AtelierMH52\/\"]}]}<\/script>\n<!-- \/ Yoast SEO plugin. -->","yoast_head_json":{"title":"La restauratrice - Atelier MH","robots":{"index":"index","follow":"follow","max-snippet":"max-snippet:-1","max-image-preview":"max-image-preview:large","max-video-preview":"max-video-preview:-1"},"canonical":"https:\/\/ateliermh.fr\/?page_id=12","og_locale":"fr_FR","og_type":"article","og_title":"La restauratrice - Atelier MH","og_description":"Passionn\u00e9e d\u2019art et de patrimoine, j\u2019ai toujours \u00e9t\u00e9 consciente de l\u2019importance de sa pr\u00e9servation. &nbsp;Je suis dipl\u00f4m\u00e9e d&rsquo;un Master II en conservation-Restauration du patrimoine, de niveau VI, sp\u00e9cialis\u00e9 en peinture de chevalet \u00e0 l&rsquo;\u00e9cole de Cond\u00e9 en 2021.Lors de ma formation, j\u2019ai travaill\u00e9 dans divers mus\u00e9es et ateliers en Angleterre, Pays-Bas et France.&nbsp;Par la suite, laur\u00e9ate au Prix de Perfectionnement \u00e0 la ville de Paris, je continue mon apprentissage pendant un an aux c\u00f4t\u00e9s de Catherine Polnecq et de Alain Lepavec, respectivement restauratrice de couche picturale et rentoileur.&nbsp; En 2022, j\u2019ouvre mon propre atelier de restauration et je travaille pour des particuliers, des collectionneurs, des antiquaires, des collectivit\u00e9s\u2026 J\u2019ai \u00e0 coeur de redonner \u00e0 chaque tableau son authenticit\u00e9 et son histoire. Parcourt Dipl\u00f4mes :&#8211; Formation de 5 ans \u00e0 l\u2019\u00e9cole de Cond\u00e9 Paris&#8211; Dipl\u00f4me d\u2019un Master II Conservation-Restauration du patrimoine, sp\u00e9cialit\u00e9 peinture de chevalet Distinction :&#8211; Laur\u00e9ate du prix de perfectionnement par les Ateliers de Paris en 2021 R\u00e9f\u00e9rences","og_url":"https:\/\/ateliermh.fr\/?page_id=12","og_site_name":"Atelier MH","article_publisher":"https:\/\/www.facebook.com\/AtelierMH52\/","article_modified_time":"2025-12-13T09:59:53+00:00","og_image":[{"width":853,"height":1280,"url":"https:\/\/ateliermh.fr\/wp-content\/uploads\/2024\/01\/seance-atelier-azigae-9-Grande.jpeg","type":"image\/jpeg"}],"twitter_card":"summary_large_image","twitter_misc":{"Dur\u00e9e de lecture estim\u00e9e":"1 minute"},"schema":{"@context":"https:\/\/schema.org","@graph":[{"@type":"WebPage","@id":"https:\/\/ateliermh.fr\/?page_id=12","url":"https:\/\/ateliermh.fr\/?page_id=12","name":"La restauratrice - Atelier MH","isPartOf":{"@id":"https:\/\/ateliermh.fr\/#website"},"primaryImageOfPage":{"@id":"https:\/\/ateliermh.fr\/?page_id=12#primaryimage"},"image":{"@id":"https:\/\/ateliermh.fr\/?page_id=12#primaryimage"},"thumbnailUrl":"https:\/\/ateliermh.fr\/wp-content\/uploads\/2024\/01\/seance-atelier-azigae-9-Grande-682x1024.jpeg","datePublished":"2023-03-15T20:18:16+00:00","dateModified":"2025-12-13T09:59:53+00:00","breadcrumb":{"@id":"https:\/\/ateliermh.fr\/?page_id=12#breadcrumb"},"inLanguage":"fr-FR","potentialAction":[{"@type":"ReadAction","target":["https:\/\/ateliermh.fr\/?page_id=12"]}]},{"@type":"ImageObject","inLanguage":"fr-FR","@id":"https:\/\/ateliermh.fr\/?page_id=12#primaryimage","url":"https:\/\/ateliermh.fr\/wp-content\/uploads\/2024\/01\/seance-atelier-azigae-9-Grande.jpeg","contentUrl":"https:\/\/ateliermh.fr\/wp-content\/uploads\/2024\/01\/seance-atelier-azigae-9-Grande.jpeg","width":853,"height":1280},{"@type":"BreadcrumbList","@id":"https:\/\/ateliermh.fr\/?page_id=12#breadcrumb","itemListElement":[{"@type":"ListItem","position":1,"name":"Accueil","item":"https:\/\/ateliermh.fr\/"},{"@type":"ListItem","position":2,"name":"Approche de la restauration","item":"https:\/\/ateliermh.fr\/?page_id=91"},{"@type":"ListItem","position":3,"name":"La restauratrice"}]},{"@type":"WebSite","@id":"https:\/\/ateliermh.fr\/#website","url":"https:\/\/ateliermh.fr\/","name":"Atelier MH","description":"Conservation Restauration de tableaux","publisher":{"@id":"https:\/\/ateliermh.fr\/#organization"},"potentialAction":[{"@type":"SearchAction","target":{"@type":"EntryPoint","urlTemplate":"https:\/\/ateliermh.fr\/?s={search_term_string}"},"query-input":{"@type":"PropertyValueSpecification","valueRequired":true,"valueName":"search_term_string"}}],"inLanguage":"fr-FR"},{"@type":"Organization","@id":"https:\/\/ateliermh.fr\/#organization","name":"Atelier MH","url":"https:\/\/ateliermh.fr\/","logo":{"@type":"ImageObject","inLanguage":"fr-FR","@id":"https:\/\/ateliermh.fr\/#\/schema\/logo\/image\/","url":"https:\/\/ateliermh.fr\/wp-content\/uploads\/2023\/10\/cropped-Logo-secondaire.jpg","contentUrl":"https:\/\/ateliermh.fr\/wp-content\/uploads\/2023\/10\/cropped-Logo-secondaire.jpg","width":407,"height":407,"caption":"Atelier MH"},"image":{"@id":"https:\/\/ateliermh.fr\/#\/schema\/logo\/image\/"},"sameAs":["https:\/\/www.facebook.com\/AtelierMH52\/"]}]}},"_links":{"self":[{"href":"https:\/\/ateliermh.fr\/index.php?rest_route=\/wp\/v2\/pages\/12","targetHints":{"allow":["GET"]}}],"collection":[{"href":"https:\/\/ateliermh.fr\/index.php?rest_route=\/wp\/v2\/pages"}],"about":[{"href":"https:\/\/ateliermh.fr\/index.php?rest_route=\/wp\/v2\/types\/page"}],"author":[{"embeddable":true,"href":"https:\/\/ateliermh.fr\/index.php?rest_route=\/wp\/v2\/users\/1"}],"replies":[{"embeddable":true,"href":"https:\/\/ateliermh.fr\/index.php?rest_route=%2Fwp%2Fv2%2Fcomments&post=12"}],"version-history":[{"count":0,"href":"https:\/\/ateliermh.fr\/index.php?rest_route=\/wp\/v2\/pages\/12\/revisions"}],"up":[{"embeddable":true,"href":"https:\/\/ateliermh.fr\/index.php?rest_route=\/wp\/v2\/pages\/91"}],"wp:attachment":[{"href":"https:\/\/ateliermh.fr\/index.php?rest_route=%2Fwp%2Fv2%2Fmedia&parent=12"}],"curies":[{"name":"wp","href":"https:\/\/api.w.org\/{rel}","templated":true}]}}